{"id":6931,"date":"2023-10-01T21:05:24","date_gmt":"2023-10-01T21:05:24","guid":{"rendered":"https:\/\/insuquim.cl\/producto\/fosfato-trisodico-decahidratado-cristal\/"},"modified":"2023-10-01T21:05:24","modified_gmt":"2023-10-01T21:05:24","slug":"fosfato-trisodico-decahidratado-cristal","status":"publish","type":"product","link":"https:\/\/insuquim.cl\/es\/producto\/fosfato-trisodico-decahidratado-cristal","title":{"rendered":"FOSFATO TRISODICO DECAHIDRATADO CRISTAL"},"content":{"rendered":"<p>El Fosfato Tris\u00f3dico Cristal (TSP por sus siglas en ingl\u00e9s) es un producto de limpieza en polvo blanco inodoro altamente eficaz y seguro. Dise\u00f1ado para satisfacer las necesidades de limpieza m\u00e1s exigentes en hogares y negocios, es una soluci\u00f3n \u00fanica para la eliminaci\u00f3n de manchas, dep\u00f3sitos y residuos en una amplia variedad de superficies. Es un qu\u00edmico que se utiliza como agente de limpieza adem\u00e1s de aditivo de comidas; es un potente removedor de manchas y desengrasante y al mezclarse con agua produce una soluci\u00f3n alcalina que corta la suciedad. Producto recomendado para la limpieza de chimeneas, cocinas, holl\u00edn entre otros.<\/p>","protected":false},"excerpt":{"rendered":"<p>El Fosfato Tris\u00f3dico Cristal (TSP por sus siglas en ingl\u00e9s) es un producto de limpieza en polvo blanco inodoro altamente eficaz y seguro. Dise\u00f1ado para satisfacer las necesidades de limpieza m\u00e1s exigentes en hogares y negocios, es una soluci\u00f3n \u00fanica para la eliminaci\u00f3n de manchas, dep\u00f3sitos y residuos en una amplia variedad de superficies. Es un qu\u00edmico que se utiliza como agente de limpieza adem\u00e1s de aditivo de comidas; es un potente removedor de manchas y desengrasante y al mezclarse con agua produce una soluci\u00f3n alcalina que corta la suciedad. Producto recomendado para la limpieza de chimeneas, cocinas, holl\u00edn entre otros.<\/p>","protected":false},"featured_media":6403,"comment_status":"open","ping_status":"closed","template":"","meta":{"_joinchat":[]},"product_cat":[307],"product_tag":[247],"_links":{"self":[{"href":"https:\/\/insuquim.cl\/es\/wp-json\/wp\/v2\/product\/6931"}],"collection":[{"href":"https:\/\/insuquim.cl\/es\/wp-json\/wp\/v2\/product"}],"about":[{"href":"https:\/\/insuquim.cl\/es\/wp-json\/wp\/v2\/types\/product"}],"replies":[{"embeddable":true,"href":"https:\/\/insuquim.cl\/es\/wp-json\/wp\/v2\/comments?post=6931"}],"wp:featuredmedia":[{"embeddable":true,"href":"https:\/\/insuquim.cl\/es\/wp-json\/wp\/v2\/media\/6403"}],"wp:attachment":[{"href":"https:\/\/insuquim.cl\/es\/wp-json\/wp\/v2\/media?parent=6931"}],"wp:term":[{"taxonomy":"product_cat","embeddable":true,"href":"https:\/\/insuquim.cl\/es\/wp-json\/wp\/v2\/product_cat?post=6931"},{"taxonomy":"product_tag","embeddable":true,"href":"https:\/\/insuquim.cl\/es\/wp-json\/wp\/v2\/product_tag?post=6931"}],"curies":[{"name":"wp","href":"https:\/\/api.w.org\/{rel}","templated":true}]}}