{"id":6961,"date":"2023-10-01T21:05:31","date_gmt":"2023-10-01T21:05:31","guid":{"rendered":"https:\/\/insuquim.cl\/producto\/lauril-eter-sulfato-de-sodio-70\/"},"modified":"2023-10-01T21:05:31","modified_gmt":"2023-10-01T21:05:31","slug":"lauril-eter-sulfato-de-sodio-70","status":"publish","type":"product","link":"https:\/\/insuquim.cl\/es\/producto\/lauril-eter-sulfato-de-sodio-70","title":{"rendered":"LAURIL ETER SULFATO DE SODIO 70%"},"content":{"rendered":"<p>Tensoactivo ani\u00f3nico biodegradable, con excelente detergencia, poder espumante, tolerancia a la dureza del agua y poder de humectaci\u00f3n; utilizado ampliamente en la industria de jabones y detergentes cosm\u00e9ticos.<\/p>","protected":false},"excerpt":{"rendered":"<p>Tensoactivo ani\u00f3nico biodegradable, con excelente detergencia, poder espumante, tolerancia a la dureza del agua y poder de humectaci\u00f3n; utilizado ampliamente en la industria de jabones y detergentes cosm\u00e9ticos.<\/p>","protected":false},"featured_media":6435,"comment_status":"open","ping_status":"closed","template":"","meta":{"_joinchat":[]},"product_cat":[323],"product_tag":[254],"_links":{"self":[{"href":"https:\/\/insuquim.cl\/es\/wp-json\/wp\/v2\/product\/6961"}],"collection":[{"href":"https:\/\/insuquim.cl\/es\/wp-json\/wp\/v2\/product"}],"about":[{"href":"https:\/\/insuquim.cl\/es\/wp-json\/wp\/v2\/types\/product"}],"replies":[{"embeddable":true,"href":"https:\/\/insuquim.cl\/es\/wp-json\/wp\/v2\/comments?post=6961"}],"wp:featuredmedia":[{"embeddable":true,"href":"https:\/\/insuquim.cl\/es\/wp-json\/wp\/v2\/media\/6435"}],"wp:attachment":[{"href":"https:\/\/insuquim.cl\/es\/wp-json\/wp\/v2\/media?parent=6961"}],"wp:term":[{"taxonomy":"product_cat","embeddable":true,"href":"https:\/\/insuquim.cl\/es\/wp-json\/wp\/v2\/product_cat?post=6961"},{"taxonomy":"product_tag","embeddable":true,"href":"https:\/\/insuquim.cl\/es\/wp-json\/wp\/v2\/product_tag?post=6961"}],"curies":[{"name":"wp","href":"https:\/\/api.w.org\/{rel}","templated":true}]}}