{"id":6962,"date":"2023-10-01T21:05:31","date_gmt":"2023-10-01T21:05:31","guid":{"rendered":"https:\/\/insuquim.cl\/producto\/lauril-sulfato-de-sodio-90-polvo\/"},"modified":"2023-10-01T21:05:31","modified_gmt":"2023-10-01T21:05:31","slug":"lauril-sulfato-de-sodio-90-polvo","status":"publish","type":"product","link":"https:\/\/insuquim.cl\/es\/producto\/lauril-sulfato-de-sodio-90-polvo","title":{"rendered":"LAURIL SULFATO DE SODIO 90% POLVO"},"content":{"rendered":"<p>Es un detergente sint\u00e9tico, altamente irritante, soluble en agua y surfactante usado en productos industriales tales como jab\u00f3n para lavado de autos, desengrasantes de motores y limpiadores de pisos. Es tambi\u00e9n un ingrediente que se encuentra en una amplia gama de productos de cuidado personal como jabones, champ\u00fas y pastas dentales. A diferencia del lauril \u00e9ter sulfato de sodio 70%, este producto tiene mayor poder de detergencia pero mayor grado de irritaci\u00f3n y da\u00f1o a la piel.<\/p>","protected":false},"excerpt":{"rendered":"<p>Es un detergente sint\u00e9tico, altamente irritante, soluble en agua y surfactante usado en productos industriales tales como jab\u00f3n para lavado de autos, desengrasantes de motores y limpiadores de pisos. Es tambi\u00e9n un ingrediente que se encuentra en una amplia gama de productos de cuidado personal como jabones, champ\u00fas y pastas dentales. A diferencia del lauril \u00e9ter sulfato de sodio 70%, este producto tiene mayor poder de detergencia pero mayor grado de irritaci\u00f3n y da\u00f1o a la piel.<\/p>","protected":false},"featured_media":6436,"comment_status":"open","ping_status":"closed","template":"","meta":{"_joinchat":[]},"product_cat":[323],"product_tag":[254],"_links":{"self":[{"href":"https:\/\/insuquim.cl\/es\/wp-json\/wp\/v2\/product\/6962"}],"collection":[{"href":"https:\/\/insuquim.cl\/es\/wp-json\/wp\/v2\/product"}],"about":[{"href":"https:\/\/insuquim.cl\/es\/wp-json\/wp\/v2\/types\/product"}],"replies":[{"embeddable":true,"href":"https:\/\/insuquim.cl\/es\/wp-json\/wp\/v2\/comments?post=6962"}],"wp:featuredmedia":[{"embeddable":true,"href":"https:\/\/insuquim.cl\/es\/wp-json\/wp\/v2\/media\/6436"}],"wp:attachment":[{"href":"https:\/\/insuquim.cl\/es\/wp-json\/wp\/v2\/media?parent=6962"}],"wp:term":[{"taxonomy":"product_cat","embeddable":true,"href":"https:\/\/insuquim.cl\/es\/wp-json\/wp\/v2\/product_cat?post=6962"},{"taxonomy":"product_tag","embeddable":true,"href":"https:\/\/insuquim.cl\/es\/wp-json\/wp\/v2\/product_tag?post=6962"}],"curies":[{"name":"wp","href":"https:\/\/api.w.org\/{rel}","templated":true}]}}