{"id":6968,"date":"2023-10-01T21:05:33","date_gmt":"2023-10-01T21:05:33","guid":{"rendered":"https:\/\/insuquim.cl\/producto\/metabisulfito-de-sodio-basf-fg\/"},"modified":"2023-10-01T21:05:33","modified_gmt":"2023-10-01T21:05:33","slug":"metabisulfito-de-sodio-basf-fg","status":"publish","type":"product","link":"https:\/\/insuquim.cl\/es\/producto\/metabisulfito-de-sodio-basf-fg","title":{"rendered":"METABISULFITO DE SODIO BASF FG"},"content":{"rendered":"<p>Es un producto qu\u00edmico vers\u00e1til, soluble en agua y de car\u00e1cter alimenticio, utilizado en la industria de alimentos principalmente como agente conservador, inhibiendo el crecimiento de hongos, levaduras y bacterias y alargando la vida de los productos evitando su rancidez. Evita el oscurecimiento de los productos alimenticios como papa, palta, pl\u00e1tano y favorece el blanqueamiento de las harinas. En la elaboraci\u00f3n de cerveza, sidra y vino es muy usado para matar bacterias e inhibir el crecimiento de levaduras. En las granjas camaroneras es utilizado para tratar el camar\u00f3n y evitar su pardeamiento u oscurecimiento, el cual no influye en su calidad pero si en la decisi\u00f3n del comprador.<\/p>","protected":false},"excerpt":{"rendered":"<p>Es un producto qu\u00edmico vers\u00e1til, soluble en agua y de car\u00e1cter alimenticio, utilizado en la industria de alimentos principalmente como agente conservador, inhibiendo el crecimiento de hongos, levaduras y bacterias y alargando la vida de los productos evitando su rancidez. Evita el oscurecimiento de los productos alimenticios como papa, palta, pl\u00e1tano y favorece el blanqueamiento de las harinas. En la elaboraci\u00f3n de cerveza, sidra y vino es muy usado para matar bacterias e inhibir el crecimiento de levaduras. En las granjas camaroneras es utilizado para tratar el camar\u00f3n y evitar su pardeamiento u oscurecimiento, el cual no influye en su calidad pero si en la decisi\u00f3n del comprador.<\/p>","protected":false},"featured_media":6443,"comment_status":"open","ping_status":"closed","template":"","meta":{"_joinchat":[]},"product_cat":[327],"product_tag":[269],"_links":{"self":[{"href":"https:\/\/insuquim.cl\/es\/wp-json\/wp\/v2\/product\/6968"}],"collection":[{"href":"https:\/\/insuquim.cl\/es\/wp-json\/wp\/v2\/product"}],"about":[{"href":"https:\/\/insuquim.cl\/es\/wp-json\/wp\/v2\/types\/product"}],"replies":[{"embeddable":true,"href":"https:\/\/insuquim.cl\/es\/wp-json\/wp\/v2\/comments?post=6968"}],"wp:featuredmedia":[{"embeddable":true,"href":"https:\/\/insuquim.cl\/es\/wp-json\/wp\/v2\/media\/6443"}],"wp:attachment":[{"href":"https:\/\/insuquim.cl\/es\/wp-json\/wp\/v2\/media?parent=6968"}],"wp:term":[{"taxonomy":"product_cat","embeddable":true,"href":"https:\/\/insuquim.cl\/es\/wp-json\/wp\/v2\/product_cat?post=6968"},{"taxonomy":"product_tag","embeddable":true,"href":"https:\/\/insuquim.cl\/es\/wp-json\/wp\/v2\/product_tag?post=6968"}],"curies":[{"name":"wp","href":"https:\/\/api.w.org\/{rel}","templated":true}]}}