{"id":6970,"date":"2023-10-01T21:05:33","date_gmt":"2023-10-01T21:05:33","guid":{"rendered":"https:\/\/insuquim.cl\/producto\/metanol\/"},"modified":"2023-10-01T21:05:33","modified_gmt":"2023-10-01T21:05:33","slug":"metanol","status":"publish","type":"product","link":"https:\/\/insuquim.cl\/es\/producto\/metanol","title":{"rendered":"METANOL"},"content":{"rendered":"<p>Es un solvente, tambi\u00e9n conocido como etanol o alcohol de quemar. A temperatura ambiente se presenta como un l\u00edquido incoloro, soluble en agua, inflamable y t\u00f3xico. Posee propiedades desinfectantes y antis\u00e9pticas. Este producto tiene infinidad de usos: es un disolvente industrial, se emplea como anticongelante en veh\u00edculos, combustible y solvente de tintes, tambi\u00e9n como disolvente org\u00e1nico de esencias y resinas naturales.<\/p>","protected":false},"excerpt":{"rendered":"<p>Es un solvente, tambi\u00e9n conocido como etanol o alcohol de quemar. A temperatura ambiente se presenta como un l\u00edquido incoloro, soluble en agua, inflamable y t\u00f3xico. Posee propiedades desinfectantes y antis\u00e9pticas. Este producto tiene infinidad de usos: es un disolvente industrial, se emplea como anticongelante en veh\u00edculos, combustible y solvente de tintes, tambi\u00e9n como disolvente org\u00e1nico de esencias y resinas naturales.<\/p>","protected":false},"featured_media":6445,"comment_status":"open","ping_status":"closed","template":"","meta":{"_joinchat":[]},"product_cat":[257],"product_tag":[249],"_links":{"self":[{"href":"https:\/\/insuquim.cl\/es\/wp-json\/wp\/v2\/product\/6970"}],"collection":[{"href":"https:\/\/insuquim.cl\/es\/wp-json\/wp\/v2\/product"}],"about":[{"href":"https:\/\/insuquim.cl\/es\/wp-json\/wp\/v2\/types\/product"}],"replies":[{"embeddable":true,"href":"https:\/\/insuquim.cl\/es\/wp-json\/wp\/v2\/comments?post=6970"}],"wp:featuredmedia":[{"embeddable":true,"href":"https:\/\/insuquim.cl\/es\/wp-json\/wp\/v2\/media\/6445"}],"wp:attachment":[{"href":"https:\/\/insuquim.cl\/es\/wp-json\/wp\/v2\/media?parent=6970"}],"wp:term":[{"taxonomy":"product_cat","embeddable":true,"href":"https:\/\/insuquim.cl\/es\/wp-json\/wp\/v2\/product_cat?post=6970"},{"taxonomy":"product_tag","embeddable":true,"href":"https:\/\/insuquim.cl\/es\/wp-json\/wp\/v2\/product_tag?post=6970"}],"curies":[{"name":"wp","href":"https:\/\/api.w.org\/{rel}","templated":true}]}}