{"id":6974,"date":"2023-10-01T21:05:34","date_gmt":"2023-10-01T21:05:34","guid":{"rendered":"https:\/\/insuquim.cl\/producto\/metil-isobutil-ketona-mibk\/"},"modified":"2023-10-01T21:05:34","modified_gmt":"2023-10-01T21:05:34","slug":"metil-isobutil-ketona-mibk","status":"publish","type":"product","link":"https:\/\/insuquim.cl\/es\/producto\/metil-isobutil-ketona-mibk","title":{"rendered":"METIL ISOBUTIL KETONA (MIBK)"},"content":{"rendered":"<p>Es un solvente industrial ligeramente soluble en agua y miscible con solventes org\u00e1nicos tales como fenol, aldeh\u00eddo, \u00e9ter y benceno. Este producto es t\u00f3xico, el vapor irrita los ojos y el tracto respiratorio. Sus usos generales son: Producci\u00f3n de recubrimientos y adhesivos, solventes de goma, lacas de nitrocelulosa, extracci\u00f3n de aceite mineral, resinas, formulaci\u00f3n de pesticidas y desparafinado de aceites lubricantes<\/p>","protected":false},"excerpt":{"rendered":"<p>Es un solvente industrial ligeramente soluble en agua y miscible con solventes org\u00e1nicos tales como fenol, aldeh\u00eddo, \u00e9ter y benceno. Este producto es t\u00f3xico, el vapor irrita los ojos y el tracto respiratorio. Sus usos generales son: Producci\u00f3n de recubrimientos y adhesivos, solventes de goma, lacas de nitrocelulosa, extracci\u00f3n de aceite mineral, resinas, formulaci\u00f3n de pesticidas y desparafinado de aceites lubricantes<\/p>","protected":false},"featured_media":6449,"comment_status":"open","ping_status":"closed","template":"","meta":{"_joinchat":[]},"product_cat":[329],"product_tag":[249],"_links":{"self":[{"href":"https:\/\/insuquim.cl\/es\/wp-json\/wp\/v2\/product\/6974"}],"collection":[{"href":"https:\/\/insuquim.cl\/es\/wp-json\/wp\/v2\/product"}],"about":[{"href":"https:\/\/insuquim.cl\/es\/wp-json\/wp\/v2\/types\/product"}],"replies":[{"embeddable":true,"href":"https:\/\/insuquim.cl\/es\/wp-json\/wp\/v2\/comments?post=6974"}],"wp:featuredmedia":[{"embeddable":true,"href":"https:\/\/insuquim.cl\/es\/wp-json\/wp\/v2\/media\/6449"}],"wp:attachment":[{"href":"https:\/\/insuquim.cl\/es\/wp-json\/wp\/v2\/media?parent=6974"}],"wp:term":[{"taxonomy":"product_cat","embeddable":true,"href":"https:\/\/insuquim.cl\/es\/wp-json\/wp\/v2\/product_cat?post=6974"},{"taxonomy":"product_tag","embeddable":true,"href":"https:\/\/insuquim.cl\/es\/wp-json\/wp\/v2\/product_tag?post=6974"}],"curies":[{"name":"wp","href":"https:\/\/api.w.org\/{rel}","templated":true}]}}