{"id":6996,"date":"2023-10-01T21:05:40","date_gmt":"2023-10-01T21:05:40","guid":{"rendered":"https:\/\/insuquim.cl\/producto\/percarbonato-de-sodio\/"},"modified":"2023-10-01T21:05:40","modified_gmt":"2023-10-01T21:05:40","slug":"percarbonato-de-sodio","status":"publish","type":"product","link":"https:\/\/insuquim.cl\/es\/producto\/percarbonato-de-sodio","title":{"rendered":"PERCARBONATO DE SODIO"},"content":{"rendered":"<p>Es un compuesto derivado del carbono, totalmente inocuo para el agua y medio ambiente. Al descomponerse genera ox\u00edgeno, que es lo que le da las propiedades blanqueadoras. Una vez disuelto en agua, se descompone en carbonato de sodio (agente limpiador) y per\u00f3xido de hidr\u00f3geno (blanqueador a base de ox\u00edgeno). No contiene cloro ni fosfato. Es blanqueador y quitamanchas y tiene una gran capacidad para penetrar en los tejidos y para ayudar al jab\u00f3n a eliminar las manchas de caf\u00e9, t\u00e9, vino, fruta, tomate, lodo, \u00f3xido\u2026 manchas oxidables en general. No recomendable para ropa delicada. Adem\u00e1s posee propiedades antis\u00e9pticas lo convierte adem\u00e1s en un imprescindible para preparar cualquier antibacteriano casero.<\/p>","protected":false},"excerpt":{"rendered":"<p>Es un compuesto derivado del carbono, totalmente inocuo para el agua y medio ambiente. Al descomponerse genera ox\u00edgeno, que es lo que le da las propiedades blanqueadoras. Una vez disuelto en agua, se descompone en carbonato de sodio (agente limpiador) y per\u00f3xido de hidr\u00f3geno (blanqueador a base de ox\u00edgeno). No contiene cloro ni fosfato. Es blanqueador y quitamanchas y tiene una gran capacidad para penetrar en los tejidos y para ayudar al jab\u00f3n a eliminar las manchas de caf\u00e9, t\u00e9, vino, fruta, tomate, lodo, \u00f3xido\u2026 manchas oxidables en general. No recomendable para ropa delicada. Adem\u00e1s posee propiedades antis\u00e9pticas lo convierte adem\u00e1s en un imprescindible para preparar cualquier antibacteriano casero.<\/p>","protected":false},"featured_media":6471,"comment_status":"open","ping_status":"closed","template":"","meta":{"_joinchat":[]},"product_cat":[279],"product_tag":[254],"_links":{"self":[{"href":"https:\/\/insuquim.cl\/es\/wp-json\/wp\/v2\/product\/6996"}],"collection":[{"href":"https:\/\/insuquim.cl\/es\/wp-json\/wp\/v2\/product"}],"about":[{"href":"https:\/\/insuquim.cl\/es\/wp-json\/wp\/v2\/types\/product"}],"replies":[{"embeddable":true,"href":"https:\/\/insuquim.cl\/es\/wp-json\/wp\/v2\/comments?post=6996"}],"wp:featuredmedia":[{"embeddable":true,"href":"https:\/\/insuquim.cl\/es\/wp-json\/wp\/v2\/media\/6471"}],"wp:attachment":[{"href":"https:\/\/insuquim.cl\/es\/wp-json\/wp\/v2\/media?parent=6996"}],"wp:term":[{"taxonomy":"product_cat","embeddable":true,"href":"https:\/\/insuquim.cl\/es\/wp-json\/wp\/v2\/product_cat?post=6996"},{"taxonomy":"product_tag","embeddable":true,"href":"https:\/\/insuquim.cl\/es\/wp-json\/wp\/v2\/product_tag?post=6996"}],"curies":[{"name":"wp","href":"https:\/\/api.w.org\/{rel}","templated":true}]}}