{"id":6999,"date":"2023-10-01T21:05:40","date_gmt":"2023-10-01T21:05:40","guid":{"rendered":"https:\/\/insuquim.cl\/producto\/permanganato-de-potasio\/"},"modified":"2023-10-01T21:05:40","modified_gmt":"2023-10-01T21:05:40","slug":"permanganato-de-potasio","status":"publish","type":"product","link":"https:\/\/insuquim.cl\/es\/producto\/permanganato-de-potasio","title":{"rendered":"PERMANGANATO DE POTASIO"},"content":{"rendered":"<p>Es un fuerte agente oxidante, soluble en agua y de color violeta caracter\u00edstico. Es muy conocido en la industria por por sus diversas aplicaciones siendo la mas habitual en a purificaci\u00f3n de grandes masas de agua, contribuyendo a eliminar bacterias y favoreciendo la mejor\u00eda de la calidad del agua<\/p>","protected":false},"excerpt":{"rendered":"<p>Es un fuerte agente oxidante, soluble en agua y de color violeta caracter\u00edstico. Es muy conocido en la industria por por sus diversas aplicaciones siendo la mas habitual en a purificaci\u00f3n de grandes masas de agua, contribuyendo a eliminar bacterias y favoreciendo la mejor\u00eda de la calidad del agua<\/p>","protected":false},"featured_media":6474,"comment_status":"open","ping_status":"closed","template":"","meta":{"_joinchat":[]},"product_cat":[340],"product_tag":[248],"_links":{"self":[{"href":"https:\/\/insuquim.cl\/es\/wp-json\/wp\/v2\/product\/6999"}],"collection":[{"href":"https:\/\/insuquim.cl\/es\/wp-json\/wp\/v2\/product"}],"about":[{"href":"https:\/\/insuquim.cl\/es\/wp-json\/wp\/v2\/types\/product"}],"replies":[{"embeddable":true,"href":"https:\/\/insuquim.cl\/es\/wp-json\/wp\/v2\/comments?post=6999"}],"wp:featuredmedia":[{"embeddable":true,"href":"https:\/\/insuquim.cl\/es\/wp-json\/wp\/v2\/media\/6474"}],"wp:attachment":[{"href":"https:\/\/insuquim.cl\/es\/wp-json\/wp\/v2\/media?parent=6999"}],"wp:term":[{"taxonomy":"product_cat","embeddable":true,"href":"https:\/\/insuquim.cl\/es\/wp-json\/wp\/v2\/product_cat?post=6999"},{"taxonomy":"product_tag","embeddable":true,"href":"https:\/\/insuquim.cl\/es\/wp-json\/wp\/v2\/product_tag?post=6999"}],"curies":[{"name":"wp","href":"https:\/\/api.w.org\/{rel}","templated":true}]}}