{"id":7004,"date":"2023-10-01T21:05:41","date_gmt":"2023-10-01T21:05:41","guid":{"rendered":"https:\/\/insuquim.cl\/producto\/potasa-caustica-hidroxido-de-potasio\/"},"modified":"2023-10-01T21:05:41","modified_gmt":"2023-10-01T21:05:41","slug":"potasa-caustica-hidroxido-de-potasio","status":"publish","type":"product","link":"https:\/\/insuquim.cl\/es\/producto\/potasa-caustica-hidroxido-de-potasio","title":{"rendered":"POTASA CAUSTICA (HIDROXIDO DE POTASIO)"},"content":{"rendered":"<p>Conocido tambi\u00e9n como potasa caustica en escama. Es una sustancia altamente higrosc\u00f3pica utilizada en la industria cosm\u00e9tica y de cuidado de la piel como regulador o amortiguador del pH. Se usa en la producci\u00f3n de carbonato de potasio, fosfatos de potasio, fertilizantes l\u00edquidos, jabones y detergentes de potasio.<\/p>","protected":false},"excerpt":{"rendered":"<p>Conocido tambi\u00e9n como potasa caustica en escama. Es una sustancia altamente higrosc\u00f3pica utilizada en la industria cosm\u00e9tica y de cuidado de la piel como regulador o amortiguador del pH. Se usa en la producci\u00f3n de carbonato de potasio, fosfatos de potasio, fertilizantes l\u00edquidos, jabones y detergentes de potasio.<\/p>","protected":false},"featured_media":6479,"comment_status":"open","ping_status":"closed","template":"","meta":{"_joinchat":[]},"product_cat":[261],"product_tag":[247],"_links":{"self":[{"href":"https:\/\/insuquim.cl\/es\/wp-json\/wp\/v2\/product\/7004"}],"collection":[{"href":"https:\/\/insuquim.cl\/es\/wp-json\/wp\/v2\/product"}],"about":[{"href":"https:\/\/insuquim.cl\/es\/wp-json\/wp\/v2\/types\/product"}],"replies":[{"embeddable":true,"href":"https:\/\/insuquim.cl\/es\/wp-json\/wp\/v2\/comments?post=7004"}],"wp:featuredmedia":[{"embeddable":true,"href":"https:\/\/insuquim.cl\/es\/wp-json\/wp\/v2\/media\/6479"}],"wp:attachment":[{"href":"https:\/\/insuquim.cl\/es\/wp-json\/wp\/v2\/media?parent=7004"}],"wp:term":[{"taxonomy":"product_cat","embeddable":true,"href":"https:\/\/insuquim.cl\/es\/wp-json\/wp\/v2\/product_cat?post=7004"},{"taxonomy":"product_tag","embeddable":true,"href":"https:\/\/insuquim.cl\/es\/wp-json\/wp\/v2\/product_tag?post=7004"}],"curies":[{"name":"wp","href":"https:\/\/api.w.org\/{rel}","templated":true}]}}