{"id":7010,"date":"2023-10-01T21:05:42","date_gmt":"2023-10-01T21:05:42","guid":{"rendered":"https:\/\/insuquim.cl\/producto\/silica-gel-naranja\/"},"modified":"2023-10-01T21:05:42","modified_gmt":"2023-10-01T21:05:42","slug":"silica-gel-naranja","status":"publish","type":"product","link":"https:\/\/insuquim.cl\/es\/producto\/silica-gel-naranja","title":{"rendered":"SILICA GEL NARANJA"},"content":{"rendered":"<p>Su principal componente es di\u00f3xido de silicio (gel de s\u00edlice) y es un desecante muy eficaz que previene el deterioro que puede producir la humedad en los materiales. Los Sachet est\u00e1n confeccionados con alta tecnolog\u00eda, seguras y apropiadas para el control de humedad y para estar en contacto directo con alimentos y medicinas, entre otros productos. No suelta ning\u00fan tipo de fibra y su material es poroso para permitir al producto actuar. Se recomienda su uso principalmente para protecci\u00f3n contra humedad en productos intermediarios qu\u00edmicos, farmac\u00e9uticos, material alimenticio, electr\u00f3nicos, todo tipo de materiales met\u00e1licos, maquinaria, electrodom\u00e9sticos, art\u00edculos el\u00e9ctricos, bobinas y embalaje en general. No es inflamable ni qu\u00edmicamente activa, cero toxicidad y no contienen metales pesados. Esta libre de toda contaminaci\u00f3n. Sachet 1,5 grs (cada kg de producto contiene aprox 660 sachets). Tama\u00f1o esfera: 3-5mm di\u00e1metro<\/p>","protected":false},"excerpt":{"rendered":"<p>Su principal componente es di\u00f3xido de silicio (gel de s\u00edlice) y es un desecante muy eficaz que previene el deterioro que puede producir la humedad en los materiales. Los Sachet est\u00e1n confeccionados con alta tecnolog\u00eda, seguras y apropiadas para el control de humedad y para estar en contacto directo con alimentos y medicinas, entre otros productos. No suelta ning\u00fan tipo de fibra y su material es poroso para permitir al producto actuar. Se recomienda su uso principalmente para protecci\u00f3n contra humedad en productos intermediarios qu\u00edmicos, farmac\u00e9uticos, material alimenticio, electr\u00f3nicos, todo tipo de materiales met\u00e1licos, maquinaria, electrodom\u00e9sticos, art\u00edculos el\u00e9ctricos, bobinas y embalaje en general. No es inflamable ni qu\u00edmicamente activa, cero toxicidad y no contienen metales pesados. Esta libre de toda contaminaci\u00f3n. Sachet 1,5 grs (cada kg de producto contiene aprox 660 sachets). Tama\u00f1o esfera: 3-5mm di\u00e1metro<\/p>","protected":false},"featured_media":6485,"comment_status":"open","ping_status":"closed","template":"","meta":{"_joinchat":[]},"product_cat":[346],"product_tag":[277],"_links":{"self":[{"href":"https:\/\/insuquim.cl\/es\/wp-json\/wp\/v2\/product\/7010"}],"collection":[{"href":"https:\/\/insuquim.cl\/es\/wp-json\/wp\/v2\/product"}],"about":[{"href":"https:\/\/insuquim.cl\/es\/wp-json\/wp\/v2\/types\/product"}],"replies":[{"embeddable":true,"href":"https:\/\/insuquim.cl\/es\/wp-json\/wp\/v2\/comments?post=7010"}],"wp:featuredmedia":[{"embeddable":true,"href":"https:\/\/insuquim.cl\/es\/wp-json\/wp\/v2\/media\/6485"}],"wp:attachment":[{"href":"https:\/\/insuquim.cl\/es\/wp-json\/wp\/v2\/media?parent=7010"}],"wp:term":[{"taxonomy":"product_cat","embeddable":true,"href":"https:\/\/insuquim.cl\/es\/wp-json\/wp\/v2\/product_cat?post=7010"},{"taxonomy":"product_tag","embeddable":true,"href":"https:\/\/insuquim.cl\/es\/wp-json\/wp\/v2\/product_tag?post=7010"}],"curies":[{"name":"wp","href":"https:\/\/api.w.org\/{rel}","templated":true}]}}