{"id":7011,"date":"2023-10-01T21:05:44","date_gmt":"2023-10-01T21:05:44","guid":{"rendered":"https:\/\/insuquim.cl\/producto\/silica-gel-natural\/"},"modified":"2023-10-01T21:05:44","modified_gmt":"2023-10-01T21:05:44","slug":"silica-gel-natural","status":"publish","type":"product","link":"https:\/\/insuquim.cl\/es\/producto\/silica-gel-natural","title":{"rendered":"SILICA GEL NATURAL"},"content":{"rendered":"<p>Su principal componente es di\u00f3xido de silicio (gel de s\u00edlice) y es un desecante muy eficaz que previene el deterioro que puede producir la humedad en los materiales. Se recomienda su uso principalmente para protecci\u00f3n contra humedad en productos intermediarios qu\u00edmicos, farmac\u00e9uticos, material alimenticio, electr\u00f3nicos, todo tipo de materiales met\u00e1licos, maquinaria, electrodom\u00e9sticos, art\u00edculos el\u00e9ctricos, bobinas y embalaje en general. Tiene una porosidad de hasta 800 m\u00b2\/gramo, es por esto que es el producto m\u00e1s utilizado para absorber agua o la humedad relativa en espacios cerrados, absorbiendo hasta un 40% de su peso en humedad. No es inflamable ni qu\u00edmicamente activa, cero toxicidad y no contienen metales pesados. Esta libre de toda contaminaci\u00f3n. Tama\u00f1o esfera: 3-5mm di\u00e1metro<\/p>","protected":false},"excerpt":{"rendered":"<p>Su principal componente es di\u00f3xido de silicio (gel de s\u00edlice) y es un desecante muy eficaz que previene el deterioro que puede producir la humedad en los materiales. Se recomienda su uso principalmente para protecci\u00f3n contra humedad en productos intermediarios qu\u00edmicos, farmac\u00e9uticos, material alimenticio, electr\u00f3nicos, todo tipo de materiales met\u00e1licos, maquinaria, electrodom\u00e9sticos, art\u00edculos el\u00e9ctricos, bobinas y embalaje en general. Tiene una porosidad de hasta 800 m\u00b2\/gramo, es por esto que es el producto m\u00e1s utilizado para absorber agua o la humedad relativa en espacios cerrados, absorbiendo hasta un 40% de su peso en humedad. No es inflamable ni qu\u00edmicamente activa, cero toxicidad y no contienen metales pesados. Esta libre de toda contaminaci\u00f3n. Tama\u00f1o esfera: 3-5mm di\u00e1metro<\/p>","protected":false},"featured_media":6486,"comment_status":"open","ping_status":"closed","template":"","meta":{"_joinchat":[]},"product_cat":[346],"product_tag":[277],"_links":{"self":[{"href":"https:\/\/insuquim.cl\/es\/wp-json\/wp\/v2\/product\/7011"}],"collection":[{"href":"https:\/\/insuquim.cl\/es\/wp-json\/wp\/v2\/product"}],"about":[{"href":"https:\/\/insuquim.cl\/es\/wp-json\/wp\/v2\/types\/product"}],"replies":[{"embeddable":true,"href":"https:\/\/insuquim.cl\/es\/wp-json\/wp\/v2\/comments?post=7011"}],"wp:featuredmedia":[{"embeddable":true,"href":"https:\/\/insuquim.cl\/es\/wp-json\/wp\/v2\/media\/6486"}],"wp:attachment":[{"href":"https:\/\/insuquim.cl\/es\/wp-json\/wp\/v2\/media?parent=7011"}],"wp:term":[{"taxonomy":"product_cat","embeddable":true,"href":"https:\/\/insuquim.cl\/es\/wp-json\/wp\/v2\/product_cat?post=7011"},{"taxonomy":"product_tag","embeddable":true,"href":"https:\/\/insuquim.cl\/es\/wp-json\/wp\/v2\/product_tag?post=7011"}],"curies":[{"name":"wp","href":"https:\/\/api.w.org\/{rel}","templated":true}]}}