{"id":7017,"date":"2023-10-01T21:05:45","date_gmt":"2023-10-01T21:05:45","guid":{"rendered":"https:\/\/insuquim.cl\/producto\/soda-caustica-en-escama-99\/"},"modified":"2023-10-01T21:05:45","modified_gmt":"2023-10-01T21:05:45","slug":"soda-caustica-en-escama-99","status":"publish","type":"product","link":"https:\/\/insuquim.cl\/es\/producto\/soda-caustica-en-escama-99","title":{"rendered":"SODA CAUSTICA EN ESCAMA 99%"},"content":{"rendered":"<p>Conocido tambi\u00e9n como soda caustica en escama. Es una sustancia altamente higrosc\u00f3pica y corrosiva, neutralizadora de ph, utilizada para fabricar jabones, detergentes, cray\u00f3n, papel, pinturas y productos de petr\u00f3leo. Tambi\u00e9n se usa en el procesamiento de textiles de algod\u00f3n, lavander\u00eda y blanqueado, revestimiento de \u00f3xidos, galvanoplastia y extracci\u00f3n electrol\u00edtica.<\/p>","protected":false},"excerpt":{"rendered":"<p>Conocido tambi\u00e9n como soda caustica en escama. Es una sustancia altamente higrosc\u00f3pica y corrosiva, neutralizadora de ph, utilizada para fabricar jabones, detergentes, cray\u00f3n, papel, pinturas y productos de petr\u00f3leo. Tambi\u00e9n se usa en el procesamiento de textiles de algod\u00f3n, lavander\u00eda y blanqueado, revestimiento de \u00f3xidos, galvanoplastia y extracci\u00f3n electrol\u00edtica.<\/p>","protected":false},"featured_media":6490,"comment_status":"open","ping_status":"closed","template":"","meta":{"_joinchat":[]},"product_cat":[261],"product_tag":[254],"_links":{"self":[{"href":"https:\/\/insuquim.cl\/es\/wp-json\/wp\/v2\/product\/7017"}],"collection":[{"href":"https:\/\/insuquim.cl\/es\/wp-json\/wp\/v2\/product"}],"about":[{"href":"https:\/\/insuquim.cl\/es\/wp-json\/wp\/v2\/types\/product"}],"replies":[{"embeddable":true,"href":"https:\/\/insuquim.cl\/es\/wp-json\/wp\/v2\/comments?post=7017"}],"wp:featuredmedia":[{"embeddable":true,"href":"https:\/\/insuquim.cl\/es\/wp-json\/wp\/v2\/media\/6490"}],"wp:attachment":[{"href":"https:\/\/insuquim.cl\/es\/wp-json\/wp\/v2\/media?parent=7017"}],"wp:term":[{"taxonomy":"product_cat","embeddable":true,"href":"https:\/\/insuquim.cl\/es\/wp-json\/wp\/v2\/product_cat?post=7017"},{"taxonomy":"product_tag","embeddable":true,"href":"https:\/\/insuquim.cl\/es\/wp-json\/wp\/v2\/product_tag?post=7017"}],"curies":[{"name":"wp","href":"https:\/\/api.w.org\/{rel}","templated":true}]}}