{"id":7023,"date":"2023-10-01T21:05:47","date_gmt":"2023-10-01T21:05:47","guid":{"rendered":"https:\/\/insuquim.cl\/producto\/sulfato-de-aluminio\/"},"modified":"2023-10-01T21:05:47","modified_gmt":"2023-10-01T21:05:47","slug":"sulfato-de-aluminio","status":"publish","type":"product","link":"https:\/\/insuquim.cl\/es\/producto\/sulfato-de-aluminio","title":{"rendered":"SULFATO DE ALUMINIO"},"content":{"rendered":"<p>Es un compuesto org\u00e1nico soluble en agua, toxico que posee muchos usos a nivel industrial. En el tratamiento de aguas es muy conocido ya que act\u00faa como un floculante\/coagulante de las impurezas del agua. Cuando el producto entra en contacto con el agua, neutraliza la carga de los coloides (impurezas no visibles) que est\u00e1n presentes en el agua, provocando su precipitaci\u00f3n por lo cual toda la suciedad cae al fondo de la piscina. Su uso recomendado es 1Kg por cada 100 m3 de agua de piscina. Tambi\u00e9n se emplea en la producci\u00f3n de otras sales de aluminio y como astringente en l;a preparaci\u00f3n de cosm\u00e9ticos.<\/p>","protected":false},"excerpt":{"rendered":"<p>Es un compuesto org\u00e1nico soluble en agua, toxico que posee muchos usos a nivel industrial. En el tratamiento de aguas es muy conocido ya que act\u00faa como un floculante\/coagulante de las impurezas del agua. Cuando el producto entra en contacto con el agua, neutraliza la carga de los coloides (impurezas no visibles) que est\u00e1n presentes en el agua, provocando su precipitaci\u00f3n por lo cual toda la suciedad cae al fondo de la piscina. Su uso recomendado es 1Kg por cada 100 m3 de agua de piscina. Tambi\u00e9n se emplea en la producci\u00f3n de otras sales de aluminio y como astringente en l;a preparaci\u00f3n de cosm\u00e9ticos.<\/p>","protected":false},"featured_media":6498,"comment_status":"open","ping_status":"closed","template":"","meta":{"_joinchat":[]},"product_cat":[352],"product_tag":[248],"_links":{"self":[{"href":"https:\/\/insuquim.cl\/es\/wp-json\/wp\/v2\/product\/7023"}],"collection":[{"href":"https:\/\/insuquim.cl\/es\/wp-json\/wp\/v2\/product"}],"about":[{"href":"https:\/\/insuquim.cl\/es\/wp-json\/wp\/v2\/types\/product"}],"replies":[{"embeddable":true,"href":"https:\/\/insuquim.cl\/es\/wp-json\/wp\/v2\/comments?post=7023"}],"wp:featuredmedia":[{"embeddable":true,"href":"https:\/\/insuquim.cl\/es\/wp-json\/wp\/v2\/media\/6498"}],"wp:attachment":[{"href":"https:\/\/insuquim.cl\/es\/wp-json\/wp\/v2\/media?parent=7023"}],"wp:term":[{"taxonomy":"product_cat","embeddable":true,"href":"https:\/\/insuquim.cl\/es\/wp-json\/wp\/v2\/product_cat?post=7023"},{"taxonomy":"product_tag","embeddable":true,"href":"https:\/\/insuquim.cl\/es\/wp-json\/wp\/v2\/product_tag?post=7023"}],"curies":[{"name":"wp","href":"https:\/\/api.w.org\/{rel}","templated":true}]}}