{"id":7039,"date":"2023-10-01T21:05:51","date_gmt":"2023-10-01T21:05:51","guid":{"rendered":"https:\/\/insuquim.cl\/producto\/tricloroetileno\/"},"modified":"2023-10-01T21:05:51","modified_gmt":"2023-10-01T21:05:51","slug":"tricloroetileno","status":"publish","type":"product","link":"https:\/\/insuquim.cl\/es\/producto\/tricloroetileno","title":{"rendered":"TRICLOROETILENO"},"content":{"rendered":"<p>Es un solvente industrial de baja solubilidad en agua, baja inflamabilidad y elevada volatilidad. Es muy utilizado en la industria metal\u00fargica para la limpieza y desengrase de metales. Es un ingrediente en adhesivos, l\u00edquidos para remover pintura y para corregir escritura a m\u00e1quina y quitamanchas.<\/p>","protected":false},"excerpt":{"rendered":"<p>Es un solvente industrial de baja solubilidad en agua, baja inflamabilidad y elevada volatilidad. Es muy utilizado en la industria metal\u00fargica para la limpieza y desengrase de metales. Es un ingrediente en adhesivos, l\u00edquidos para remover pintura y para corregir escritura a m\u00e1quina y quitamanchas.<\/p>","protected":false},"featured_media":6514,"comment_status":"open","ping_status":"closed","template":"","meta":{"_joinchat":[]},"product_cat":[289],"product_tag":[249],"_links":{"self":[{"href":"https:\/\/insuquim.cl\/es\/wp-json\/wp\/v2\/product\/7039"}],"collection":[{"href":"https:\/\/insuquim.cl\/es\/wp-json\/wp\/v2\/product"}],"about":[{"href":"https:\/\/insuquim.cl\/es\/wp-json\/wp\/v2\/types\/product"}],"replies":[{"embeddable":true,"href":"https:\/\/insuquim.cl\/es\/wp-json\/wp\/v2\/comments?post=7039"}],"wp:featuredmedia":[{"embeddable":true,"href":"https:\/\/insuquim.cl\/es\/wp-json\/wp\/v2\/media\/6514"}],"wp:attachment":[{"href":"https:\/\/insuquim.cl\/es\/wp-json\/wp\/v2\/media?parent=7039"}],"wp:term":[{"taxonomy":"product_cat","embeddable":true,"href":"https:\/\/insuquim.cl\/es\/wp-json\/wp\/v2\/product_cat?post=7039"},{"taxonomy":"product_tag","embeddable":true,"href":"https:\/\/insuquim.cl\/es\/wp-json\/wp\/v2\/product_tag?post=7039"}],"curies":[{"name":"wp","href":"https:\/\/api.w.org\/{rel}","templated":true}]}}