{"id":7053,"date":"2023-10-01T21:05:56","date_gmt":"2023-10-01T21:05:56","guid":{"rendered":"https:\/\/insuquim.cl\/producto\/bolsa-compostables-prepicadas-varias-medidas\/"},"modified":"2023-10-01T21:05:56","modified_gmt":"2023-10-01T21:05:56","slug":"bolsa-compostables-prepicadas-varias-medidas","status":"publish","type":"product","link":"https:\/\/insuquim.cl\/es\/producto\/bolsa-compostables-prepicadas-varias-medidas","title":{"rendered":"BOLSA COMPOSTABLES PREPICADAS, VARIAS MEDIDAS"},"content":{"rendered":"<p>Rollo prepicado compostable elaborado con materiales vegetales renovables a base de ma\u00edz, una gran soluci\u00f3n y alternativa a las bolsas de pl\u00e1stico de un solo uso. Ideal para hogar y comercio en general. Disponible en diversos tama\u00f1os (20&#215;30, 30&#215;40 y 40&#215;50). Algunas de sus caracteristicas son: 100% compostable y biodegradable, resistente y flexible, resistentes a humedad, aceites y grasas, soporta hasta 50\u00b0C, no t\u00f3xicos, higi\u00e9nicos e inocuos, 60% menos de CO2 en su fabricaci\u00f3n, color: blanco marfil transparente, predise\u00f1o: sin impresi\u00f3n. Su resistencia: 20&#215;30 hasta 2 Kg, 30&#215;40 hasta 3 Kgs y 40&#215;50 hasta 3.5 Kgs). Venta minima 1000 unidades.<\/p>","protected":false},"excerpt":{"rendered":"<p>Rollo prepicado compostable elaborado con materiales vegetales renovables a base de ma\u00edz, una gran soluci\u00f3n y alternativa a las bolsas de pl\u00e1stico de un solo uso. Ideal para hogar y comercio en general. Disponible en diversos tama\u00f1os (20&#215;30, 30&#215;40 y 40&#215;50). Algunas de sus caracteristicas son: 100% compostable y biodegradable, resistente y flexible, resistentes a humedad, aceites y grasas, soporta hasta 50\u00b0C, no t\u00f3xicos, higi\u00e9nicos e inocuos, 60% menos de CO2 en su fabricaci\u00f3n, color: blanco marfil transparente, predise\u00f1o: sin impresi\u00f3n. Su resistencia: 20&#215;30 hasta 2 Kg, 30&#215;40 hasta 3 Kgs y 40&#215;50 hasta 3.5 Kgs). Venta minima 1000 unidades.<\/p>","protected":false},"featured_media":6327,"comment_status":"open","ping_status":"closed","template":"","meta":{"_joinchat":[]},"product_cat":[362],"product_tag":[],"_links":{"self":[{"href":"https:\/\/insuquim.cl\/es\/wp-json\/wp\/v2\/product\/7053"}],"collection":[{"href":"https:\/\/insuquim.cl\/es\/wp-json\/wp\/v2\/product"}],"about":[{"href":"https:\/\/insuquim.cl\/es\/wp-json\/wp\/v2\/types\/product"}],"replies":[{"embeddable":true,"href":"https:\/\/insuquim.cl\/es\/wp-json\/wp\/v2\/comments?post=7053"}],"wp:featuredmedia":[{"embeddable":true,"href":"https:\/\/insuquim.cl\/es\/wp-json\/wp\/v2\/media\/6327"}],"wp:attachment":[{"href":"https:\/\/insuquim.cl\/es\/wp-json\/wp\/v2\/media?parent=7053"}],"wp:term":[{"taxonomy":"product_cat","embeddable":true,"href":"https:\/\/insuquim.cl\/es\/wp-json\/wp\/v2\/product_cat?post=7053"},{"taxonomy":"product_tag","embeddable":true,"href":"https:\/\/insuquim.cl\/es\/wp-json\/wp\/v2\/product_tag?post=7053"}],"curies":[{"name":"wp","href":"https:\/\/api.w.org\/{rel}","templated":true}]}}