{"id":7055,"date":"2023-10-01T21:05:56","date_gmt":"2023-10-01T21:05:56","guid":{"rendered":"https:\/\/insuquim.cl\/producto\/contenedor-de-basura\/"},"modified":"2023-10-01T21:05:56","modified_gmt":"2023-10-01T21:05:56","slug":"contenedor-de-basura","status":"publish","type":"product","link":"https:\/\/insuquim.cl\/es\/producto\/contenedor-de-basura","title":{"rendered":"CONTENEDOR DE BASURA"},"content":{"rendered":"<p>Contenedores de basura con dise\u00f1o ECO para una reducci\u00f3n de peso controlada de diferentes medidas (120Lt, 240 Lt, 360Lt, 770Lt y 1.100 Lt), geometr\u00eda optimizada para una m\u00e1xima estabilidad, 20 % m\u00e1s de capacidad de carga, ventaja ergon\u00f3mica por la reducci\u00f3n del peso, seguro y f\u00e1cil de manejar y limpiar, gran durabilidad, resistente al deterioro, a las heladas, al calor y a la mayor\u00eda de los productos qu\u00edmicos, componentes met\u00e1licos resistentes a la corrosi\u00f3n, totalmente reciclable y adecuado para todos los equipos de elevaci\u00f3n DIN<\/p>","protected":false},"excerpt":{"rendered":"<p>Contenedores de basura con dise\u00f1o ECO para una reducci\u00f3n de peso controlada de diferentes medidas (120Lt, 240 Lt, 360Lt, 770Lt y 1.100 Lt), geometr\u00eda optimizada para una m\u00e1xima estabilidad, 20 % m\u00e1s de capacidad de carga, ventaja ergon\u00f3mica por la reducci\u00f3n del peso, seguro y f\u00e1cil de manejar y limpiar, gran durabilidad, resistente al deterioro, a las heladas, al calor y a la mayor\u00eda de los productos qu\u00edmicos, componentes met\u00e1licos resistentes a la corrosi\u00f3n, totalmente reciclable y adecuado para todos los equipos de elevaci\u00f3n DIN<\/p>","protected":false},"featured_media":6375,"comment_status":"open","ping_status":"closed","template":"","meta":{"_joinchat":[]},"product_cat":[364],"product_tag":[],"_links":{"self":[{"href":"https:\/\/insuquim.cl\/es\/wp-json\/wp\/v2\/product\/7055"}],"collection":[{"href":"https:\/\/insuquim.cl\/es\/wp-json\/wp\/v2\/product"}],"about":[{"href":"https:\/\/insuquim.cl\/es\/wp-json\/wp\/v2\/types\/product"}],"replies":[{"embeddable":true,"href":"https:\/\/insuquim.cl\/es\/wp-json\/wp\/v2\/comments?post=7055"}],"wp:featuredmedia":[{"embeddable":true,"href":"https:\/\/insuquim.cl\/es\/wp-json\/wp\/v2\/media\/6375"}],"wp:attachment":[{"href":"https:\/\/insuquim.cl\/es\/wp-json\/wp\/v2\/media?parent=7055"}],"wp:term":[{"taxonomy":"product_cat","embeddable":true,"href":"https:\/\/insuquim.cl\/es\/wp-json\/wp\/v2\/product_cat?post=7055"},{"taxonomy":"product_tag","embeddable":true,"href":"https:\/\/insuquim.cl\/es\/wp-json\/wp\/v2\/product_tag?post=7055"}],"curies":[{"name":"wp","href":"https:\/\/api.w.org\/{rel}","templated":true}]}}