{"id":7060,"date":"2023-10-01T21:05:57","date_gmt":"2023-10-01T21:05:57","guid":{"rendered":"https:\/\/insuquim.cl\/producto\/guantes-de-vinilo-azul-s-polvo\/"},"modified":"2023-10-01T21:05:57","modified_gmt":"2023-10-01T21:05:57","slug":"guantes-de-vinilo-azul-s-polvo","status":"publish","type":"product","link":"https:\/\/insuquim.cl\/es\/producto\/guantes-de-vinilo-azul-s-polvo","title":{"rendered":"GUANTES DE VINILO AZUL S\/POLVO"},"content":{"rendered":"<p>Hechos de vinilo el\u00e1stico que se adapta c\u00f3modamente a la mano proporcionando una sensaci\u00f3n de sensibilidad y tacto. Libre de polvo. La composici\u00f3n de vinilo es una buena alternativa para aquellas personas que son al\u00e9rgicas al l\u00e1tex o la goma natural. TALLA= S-M-L.<\/p>","protected":false},"excerpt":{"rendered":"<p>Hechos de vinilo el\u00e1stico que se adapta c\u00f3modamente a la mano proporcionando una sensaci\u00f3n de sensibilidad y tacto. Libre de polvo. La composici\u00f3n de vinilo es una buena alternativa para aquellas personas que son al\u00e9rgicas al l\u00e1tex o la goma natural. TALLA= S-M-L.<\/p>","protected":false},"featured_media":6425,"comment_status":"open","ping_status":"closed","template":"","meta":{"_joinchat":[]},"product_cat":[367],"product_tag":[],"_links":{"self":[{"href":"https:\/\/insuquim.cl\/es\/wp-json\/wp\/v2\/product\/7060"}],"collection":[{"href":"https:\/\/insuquim.cl\/es\/wp-json\/wp\/v2\/product"}],"about":[{"href":"https:\/\/insuquim.cl\/es\/wp-json\/wp\/v2\/types\/product"}],"replies":[{"embeddable":true,"href":"https:\/\/insuquim.cl\/es\/wp-json\/wp\/v2\/comments?post=7060"}],"wp:featuredmedia":[{"embeddable":true,"href":"https:\/\/insuquim.cl\/es\/wp-json\/wp\/v2\/media\/6425"}],"wp:attachment":[{"href":"https:\/\/insuquim.cl\/es\/wp-json\/wp\/v2\/media?parent=7060"}],"wp:term":[{"taxonomy":"product_cat","embeddable":true,"href":"https:\/\/insuquim.cl\/es\/wp-json\/wp\/v2\/product_cat?post=7060"},{"taxonomy":"product_tag","embeddable":true,"href":"https:\/\/insuquim.cl\/es\/wp-json\/wp\/v2\/product_tag?post=7060"}],"curies":[{"name":"wp","href":"https:\/\/api.w.org\/{rel}","templated":true}]}}