{"id":7061,"date":"2023-10-01T21:05:57","date_gmt":"2023-10-01T21:05:57","guid":{"rendered":"https:\/\/insuquim.cl\/producto\/guantes-de-nitrilo\/"},"modified":"2023-10-01T21:05:57","modified_gmt":"2023-10-01T21:05:57","slug":"guantes-de-nitrilo","status":"publish","type":"product","link":"https:\/\/insuquim.cl\/es\/producto\/guantes-de-nitrilo","title":{"rendered":"GUANTES DE NITRILO"},"content":{"rendered":"<p>Los guantes de nitrilo sint\u00e9tico son una excelente barrera de protecci\u00f3n biol\u00f3gica y qu\u00edmica. Las caracter\u00edsticas del producto lo categorizan como un guante premium cuyo uso se extiende al \u00e1rea cl\u00ednica, farmac\u00e9utica, industrial y alimenticia. Talla= S-M-L<\/p>","protected":false},"excerpt":{"rendered":"<p>Los guantes de nitrilo sint\u00e9tico son una excelente barrera de protecci\u00f3n biol\u00f3gica y qu\u00edmica. Las caracter\u00edsticas del producto lo categorizan como un guante premium cuyo uso se extiende al \u00e1rea cl\u00ednica, farmac\u00e9utica, industrial y alimenticia. Talla= S-M-L<\/p>","protected":false},"featured_media":6424,"comment_status":"open","ping_status":"closed","template":"","meta":{"_joinchat":[]},"product_cat":[367],"product_tag":[],"_links":{"self":[{"href":"https:\/\/insuquim.cl\/es\/wp-json\/wp\/v2\/product\/7061"}],"collection":[{"href":"https:\/\/insuquim.cl\/es\/wp-json\/wp\/v2\/product"}],"about":[{"href":"https:\/\/insuquim.cl\/es\/wp-json\/wp\/v2\/types\/product"}],"replies":[{"embeddable":true,"href":"https:\/\/insuquim.cl\/es\/wp-json\/wp\/v2\/comments?post=7061"}],"wp:featuredmedia":[{"embeddable":true,"href":"https:\/\/insuquim.cl\/es\/wp-json\/wp\/v2\/media\/6424"}],"wp:attachment":[{"href":"https:\/\/insuquim.cl\/es\/wp-json\/wp\/v2\/media?parent=7061"}],"wp:term":[{"taxonomy":"product_cat","embeddable":true,"href":"https:\/\/insuquim.cl\/es\/wp-json\/wp\/v2\/product_cat?post=7061"},{"taxonomy":"product_tag","embeddable":true,"href":"https:\/\/insuquim.cl\/es\/wp-json\/wp\/v2\/product_tag?post=7061"}],"curies":[{"name":"wp","href":"https:\/\/api.w.org\/{rel}","templated":true}]}}