{"id":7062,"date":"2023-10-01T21:05:57","date_gmt":"2023-10-01T21:05:57","guid":{"rendered":"https:\/\/insuquim.cl\/producto\/limpiador-multiuso-base-alcohol\/"},"modified":"2023-10-01T21:05:57","modified_gmt":"2023-10-01T21:05:57","slug":"limpiador-multiuso-base-alcohol","status":"publish","type":"product","link":"https:\/\/insuquim.cl\/es\/producto\/limpiador-multiuso-base-alcohol","title":{"rendered":"LIMPIADOR MULTIUSO BASE ALCOHOL"},"content":{"rendered":"<p>Limpiador MULTIUSO Base Alcohol, formato 1Lt y 5Lt, es vers\u00e1til en cualquier proceso de limpieza relacionada con superficies duras que requieran la eliminaci\u00f3n de polvos o suciedades superficiales como pl\u00e1sticos, equipos electr\u00f3nicos, mesas de trabajo, sillas o mobiliario de cuero y similar, vidrios, ventanales, espejos, mesas de vidrio, etc. Su gran capacidad de r\u00e1pida evaporaci\u00f3n lo hace vers\u00e1til y su formulaci\u00f3n en base a alcohol implica indiscutiblemente una acci\u00f3n higienizadora.<\/p>","protected":false},"excerpt":{"rendered":"<p>Limpiador MULTIUSO Base Alcohol, formato 1Lt y 5Lt, es vers\u00e1til en cualquier proceso de limpieza relacionada con superficies duras que requieran la eliminaci\u00f3n de polvos o suciedades superficiales como pl\u00e1sticos, equipos electr\u00f3nicos, mesas de trabajo, sillas o mobiliario de cuero y similar, vidrios, ventanales, espejos, mesas de vidrio, etc. Su gran capacidad de r\u00e1pida evaporaci\u00f3n lo hace vers\u00e1til y su formulaci\u00f3n en base a alcohol implica indiscutiblemente una acci\u00f3n higienizadora.<\/p>","protected":false},"featured_media":6440,"comment_status":"open","ping_status":"closed","template":"","meta":{"_joinchat":[]},"product_cat":[368],"product_tag":[],"_links":{"self":[{"href":"https:\/\/insuquim.cl\/es\/wp-json\/wp\/v2\/product\/7062"}],"collection":[{"href":"https:\/\/insuquim.cl\/es\/wp-json\/wp\/v2\/product"}],"about":[{"href":"https:\/\/insuquim.cl\/es\/wp-json\/wp\/v2\/types\/product"}],"replies":[{"embeddable":true,"href":"https:\/\/insuquim.cl\/es\/wp-json\/wp\/v2\/comments?post=7062"}],"wp:featuredmedia":[{"embeddable":true,"href":"https:\/\/insuquim.cl\/es\/wp-json\/wp\/v2\/media\/6440"}],"wp:attachment":[{"href":"https:\/\/insuquim.cl\/es\/wp-json\/wp\/v2\/media?parent=7062"}],"wp:term":[{"taxonomy":"product_cat","embeddable":true,"href":"https:\/\/insuquim.cl\/es\/wp-json\/wp\/v2\/product_cat?post=7062"},{"taxonomy":"product_tag","embeddable":true,"href":"https:\/\/insuquim.cl\/es\/wp-json\/wp\/v2\/product_tag?post=7062"}],"curies":[{"name":"wp","href":"https:\/\/api.w.org\/{rel}","templated":true}]}}