{"id":7678,"date":"2024-02-08T23:42:48","date_gmt":"2024-02-08T23:42:48","guid":{"rendered":"https:\/\/insuquim.cl\/?post_type=product&#038;p=7678"},"modified":"2024-02-08T23:52:39","modified_gmt":"2024-02-08T23:52:39","slug":"silla-ergohuman-homeoffice","status":"publish","type":"product","link":"https:\/\/insuquim.cl\/es\/producto\/silla-ergohuman-homeoffice","title":{"rendered":"SILLA ERGOHUMAN HOMEOFFICE"},"content":{"rendered":"<p class=\"cvGsUA direction-ltr align-start para-style-body\"><span class=\"OYPEnA text-decoration-none text-strikethrough-none\">Silla con mecanismo sincr\u00f3nico con desplazador de asiento, posici\u00f3n de <\/span><span class=\"OYPEnA text-decoration-none text-strikethrough-none\">trabajo activo a 85\u00ba adem\u00e1s de m\u00faltiples posiciones de reclinaci\u00f3n y sistema de tensi\u00f3n regulable. Apoya cabeza de malla regulable en altura y \u00e1ngulo. Respaldo de malla regulable en altura y soporte lumbar con ajuste de tensi\u00f3n. Apoyabrazos de PU regulables en altura, \u00e1ngulo, profundidad e inclinaci\u00f3n. Asiento de malla con diferentes tensiones, gas de 100 mm, base de <\/span><span class=\"OYPEnA text-decoration-none text-strikethrough-none\">aluminio 680 mm y ruedas de PU negras de 65 mm.<\/span><\/p>\n<p class=\"cvGsUA direction-ltr align-start para-style-body\"><span class=\"OYPEnA text-decoration-none text-strikethrough-none\">Apoya piernas extensible.<\/span><\/p>","protected":false},"excerpt":{"rendered":"<p>Silla con mecanismo sincr\u00f3nico con desplazador de asiento, posici\u00f3n de trabajo activo a 85\u00ba adem\u00e1s de m\u00faltiples posiciones de reclinaci\u00f3n y sistema de tensi\u00f3n regulable. Apoya cabeza de malla regulable en altura y \u00e1ngulo. Respaldo de malla regulable en altura y soporte lumbar con ajuste de tensi\u00f3n. Apoyabrazos de PU regulables en altura, \u00e1ngulo, profundidad [&hellip;]<\/p>","protected":false},"featured_media":7679,"comment_status":"closed","ping_status":"closed","template":"","meta":{"_joinchat":[]},"product_cat":[439],"product_tag":[],"_links":{"self":[{"href":"https:\/\/insuquim.cl\/es\/wp-json\/wp\/v2\/product\/7678"}],"collection":[{"href":"https:\/\/insuquim.cl\/es\/wp-json\/wp\/v2\/product"}],"about":[{"href":"https:\/\/insuquim.cl\/es\/wp-json\/wp\/v2\/types\/product"}],"replies":[{"embeddable":true,"href":"https:\/\/insuquim.cl\/es\/wp-json\/wp\/v2\/comments?post=7678"}],"wp:featuredmedia":[{"embeddable":true,"href":"https:\/\/insuquim.cl\/es\/wp-json\/wp\/v2\/media\/7679"}],"wp:attachment":[{"href":"https:\/\/insuquim.cl\/es\/wp-json\/wp\/v2\/media?parent=7678"}],"wp:term":[{"taxonomy":"product_cat","embeddable":true,"href":"https:\/\/insuquim.cl\/es\/wp-json\/wp\/v2\/product_cat?post=7678"},{"taxonomy":"product_tag","embeddable":true,"href":"https:\/\/insuquim.cl\/es\/wp-json\/wp\/v2\/product_tag?post=7678"}],"curies":[{"name":"wp","href":"https:\/\/api.w.org\/{rel}","templated":true}]}}