{"id":7688,"date":"2024-02-09T00:08:15","date_gmt":"2024-02-09T00:08:15","guid":{"rendered":"https:\/\/insuquim.cl\/?post_type=product&#038;p=7688"},"modified":"2024-02-09T00:08:16","modified_gmt":"2024-02-09T00:08:16","slug":"silla-ioo-black","status":"publish","type":"product","link":"https:\/\/insuquim.cl\/es\/producto\/silla-ioo-black","title":{"rendered":"SILLA IOO BLACK"},"content":{"rendered":"<p>Silla con mecanismo sincr\u00f3nico con desplazador de asiento, fijaci\u00f3n de reclinaci\u00f3n en m\u00faltiples posiciones y sistema de tensi\u00f3n auto pesante. Apoya cabeza de malla regulable en altura y \u00e1ngulo. Respaldo de malla regulable en altura y soporte lumbar con ajuste de tensi\u00f3n. Apoyabrazos de PU regulables en altura, \u00e1ngulo y profundidad. Asiento de malla con diferentes tensiones, gas de 120 mm, base de aluminio 680 mm y ruedas de PU negras de 65 mm.<\/p>","protected":false},"excerpt":{"rendered":"<p>Silla con mecanismo sincr\u00f3nico con desplazador de asiento, fijaci\u00f3n de reclinaci\u00f3n en m\u00faltiples posiciones y sistema de tensi\u00f3n auto pesante. Apoya cabeza de malla regulable en altura y \u00e1ngulo. Respaldo de malla regulable en altura y soporte lumbar con ajuste de tensi\u00f3n. Apoyabrazos de PU regulables en altura, \u00e1ngulo y profundidad. Asiento de malla con [&hellip;]<\/p>","protected":false},"featured_media":7689,"comment_status":"closed","ping_status":"closed","template":"","meta":{"_joinchat":[]},"product_cat":[439],"product_tag":[],"_links":{"self":[{"href":"https:\/\/insuquim.cl\/es\/wp-json\/wp\/v2\/product\/7688"}],"collection":[{"href":"https:\/\/insuquim.cl\/es\/wp-json\/wp\/v2\/product"}],"about":[{"href":"https:\/\/insuquim.cl\/es\/wp-json\/wp\/v2\/types\/product"}],"replies":[{"embeddable":true,"href":"https:\/\/insuquim.cl\/es\/wp-json\/wp\/v2\/comments?post=7688"}],"wp:featuredmedia":[{"embeddable":true,"href":"https:\/\/insuquim.cl\/es\/wp-json\/wp\/v2\/media\/7689"}],"wp:attachment":[{"href":"https:\/\/insuquim.cl\/es\/wp-json\/wp\/v2\/media?parent=7688"}],"wp:term":[{"taxonomy":"product_cat","embeddable":true,"href":"https:\/\/insuquim.cl\/es\/wp-json\/wp\/v2\/product_cat?post=7688"},{"taxonomy":"product_tag","embeddable":true,"href":"https:\/\/insuquim.cl\/es\/wp-json\/wp\/v2\/product_tag?post=7688"}],"curies":[{"name":"wp","href":"https:\/\/api.w.org\/{rel}","templated":true}]}}