{"id":7695,"date":"2024-02-09T17:21:44","date_gmt":"2024-02-09T17:21:44","guid":{"rendered":"https:\/\/insuquim.cl\/?post_type=product&#038;p=7695"},"modified":"2024-02-09T17:21:45","modified_gmt":"2024-02-09T17:21:45","slug":"silla-archi-blanca","status":"publish","type":"product","link":"https:\/\/insuquim.cl\/es\/producto\/silla-archi-blanca","title":{"rendered":"SILLA ARCHI BLANCA"},"content":{"rendered":"<p class=\"cvGsUA direction-ltr align-start para-style-body\"><span class=\"OYPEnA text-decoration-none text-strikethrough-none\">Silla con mecanismo sincr\u00f3nico, deslizador de asiento, fijaci\u00f3n en m\u00faltiples posiciones y sistema de tensi\u00f3n regulable. Respaldo de malla con soporte lumbar ajustable en altura. Apoya brazos adaptables en altura, \u00e1ngulo y profundidad de PU. Asiento de espuma inyectada tapizada. Gas de <\/span><span class=\"OYPEnA text-decoration-none text-strikethrough-none\">120mm, base de aluminio de 660 mm y ruedas de PU gris de 60 mm.<\/span><\/p>","protected":false},"excerpt":{"rendered":"<p>Silla con mecanismo sincr\u00f3nico, deslizador de asiento, fijaci\u00f3n en m\u00faltiples posiciones y sistema de tensi\u00f3n regulable. Respaldo de malla con soporte lumbar ajustable en altura. Apoya brazos adaptables en altura, \u00e1ngulo y profundidad de PU. Asiento de espuma inyectada tapizada. Gas de 120mm, base de aluminio de 660 mm y ruedas de PU gris de [&hellip;]<\/p>","protected":false},"featured_media":7696,"comment_status":"closed","ping_status":"closed","template":"","meta":{"_joinchat":[]},"product_cat":[439],"product_tag":[],"_links":{"self":[{"href":"https:\/\/insuquim.cl\/es\/wp-json\/wp\/v2\/product\/7695"}],"collection":[{"href":"https:\/\/insuquim.cl\/es\/wp-json\/wp\/v2\/product"}],"about":[{"href":"https:\/\/insuquim.cl\/es\/wp-json\/wp\/v2\/types\/product"}],"replies":[{"embeddable":true,"href":"https:\/\/insuquim.cl\/es\/wp-json\/wp\/v2\/comments?post=7695"}],"wp:featuredmedia":[{"embeddable":true,"href":"https:\/\/insuquim.cl\/es\/wp-json\/wp\/v2\/media\/7696"}],"wp:attachment":[{"href":"https:\/\/insuquim.cl\/es\/wp-json\/wp\/v2\/media?parent=7695"}],"wp:term":[{"taxonomy":"product_cat","embeddable":true,"href":"https:\/\/insuquim.cl\/es\/wp-json\/wp\/v2\/product_cat?post=7695"},{"taxonomy":"product_tag","embeddable":true,"href":"https:\/\/insuquim.cl\/es\/wp-json\/wp\/v2\/product_tag?post=7695"}],"curies":[{"name":"wp","href":"https:\/\/api.w.org\/{rel}","templated":true}]}}