{"id":7700,"date":"2024-02-09T17:31:19","date_gmt":"2024-02-09T17:31:19","guid":{"rendered":"https:\/\/insuquim.cl\/?post_type=product&#038;p=7700"},"modified":"2024-02-09T17:31:20","modified_gmt":"2024-02-09T17:31:20","slug":"silla-amazona","status":"publish","type":"product","link":"https:\/\/insuquim.cl\/es\/producto\/silla-amazona","title":{"rendered":"SILLA AMAZONA"},"content":{"rendered":"<p><span class=\"OYPEnA text-decoration-none text-strikethrough-none\">Silla con mecanismo syncrodin\u00e1mico con deslizador de asiento, fijaci\u00f3n en m\u00faltiples posiciones y sistema de tensi\u00f3n regulable. Apoya cabeza de PU, regulable en altura y \u00e1ngulo. Respaldo de malla con soporte lumbar graduable en altura. Apoya brazos de PU ajustables en altura, \u00e1ngulo y profundidad. Asiento, con sistema de inclinaci\u00f3n, de espuma inyectada, tapizado en tela. Gas de 120mm clase 4, base de nylon de 700mm, ruedas de PU negro de 60mm.<\/span><\/p>","protected":false},"excerpt":{"rendered":"<p>Silla con mecanismo syncrodin\u00e1mico con deslizador de asiento, fijaci\u00f3n en m\u00faltiples posiciones y sistema de tensi\u00f3n regulable. Apoya cabeza de PU, regulable en altura y \u00e1ngulo. Respaldo de malla con soporte lumbar graduable en altura. Apoya brazos de PU ajustables en altura, \u00e1ngulo y profundidad. Asiento, con sistema de inclinaci\u00f3n, de espuma inyectada, tapizado en [&hellip;]<\/p>","protected":false},"featured_media":7701,"comment_status":"closed","ping_status":"closed","template":"","meta":{"_joinchat":[]},"product_cat":[439],"product_tag":[],"_links":{"self":[{"href":"https:\/\/insuquim.cl\/es\/wp-json\/wp\/v2\/product\/7700"}],"collection":[{"href":"https:\/\/insuquim.cl\/es\/wp-json\/wp\/v2\/product"}],"about":[{"href":"https:\/\/insuquim.cl\/es\/wp-json\/wp\/v2\/types\/product"}],"replies":[{"embeddable":true,"href":"https:\/\/insuquim.cl\/es\/wp-json\/wp\/v2\/comments?post=7700"}],"wp:featuredmedia":[{"embeddable":true,"href":"https:\/\/insuquim.cl\/es\/wp-json\/wp\/v2\/media\/7701"}],"wp:attachment":[{"href":"https:\/\/insuquim.cl\/es\/wp-json\/wp\/v2\/media?parent=7700"}],"wp:term":[{"taxonomy":"product_cat","embeddable":true,"href":"https:\/\/insuquim.cl\/es\/wp-json\/wp\/v2\/product_cat?post=7700"},{"taxonomy":"product_tag","embeddable":true,"href":"https:\/\/insuquim.cl\/es\/wp-json\/wp\/v2\/product_tag?post=7700"}],"curies":[{"name":"wp","href":"https:\/\/api.w.org\/{rel}","templated":true}]}}