{"id":7705,"date":"2024-02-09T17:46:00","date_gmt":"2024-02-09T17:46:00","guid":{"rendered":"https:\/\/insuquim.cl\/?post_type=product&#038;p=7705"},"modified":"2024-02-09T17:46:01","modified_gmt":"2024-02-09T17:46:01","slug":"silla-monet","status":"publish","type":"product","link":"https:\/\/insuquim.cl\/es\/producto\/silla-monet","title":{"rendered":"SILLA MONET"},"content":{"rendered":"<p class=\"cvGsUA direction-ltr align-start para-style-body\"><span class=\"OYPEnA text-decoration-none text-strikethrough-none\">Silla ergon\u00f3mica con mecanismo Syncrodinamico, con deslizador de asiento, fijaci\u00f3n en m\u00faltiples posiciones y sistema de tensi\u00f3n regulable. Apoya cabezas de malla regulable en <\/span><span class=\"OYPEnA text-decoration-none text-strikethrough-none\">altura. Respaldo de doble malla con <\/span><span class=\"OYPEnA text-decoration-none text-strikethrough-none\">soporte lumbar graduable en altura. Apoya brazos de PU ajustables en altura, ancho y profundidad. Asiento de espuma inyectada tapizado en tela. Gas de 100mm, base de aluminio pulido de 700mm y ruedas de PU negras de 60mm.<\/span><\/p>","protected":false},"excerpt":{"rendered":"<p>Silla ergon\u00f3mica con mecanismo Syncrodinamico, con deslizador de asiento, fijaci\u00f3n en m\u00faltiples posiciones y sistema de tensi\u00f3n regulable. Apoya cabezas de malla regulable en altura. Respaldo de doble malla con soporte lumbar graduable en altura. Apoya brazos de PU ajustables en altura, ancho y profundidad. Asiento de espuma inyectada tapizado en tela. Gas de 100mm, [&hellip;]<\/p>","protected":false},"featured_media":7706,"comment_status":"closed","ping_status":"closed","template":"","meta":{"_joinchat":[]},"product_cat":[439],"product_tag":[],"_links":{"self":[{"href":"https:\/\/insuquim.cl\/es\/wp-json\/wp\/v2\/product\/7705"}],"collection":[{"href":"https:\/\/insuquim.cl\/es\/wp-json\/wp\/v2\/product"}],"about":[{"href":"https:\/\/insuquim.cl\/es\/wp-json\/wp\/v2\/types\/product"}],"replies":[{"embeddable":true,"href":"https:\/\/insuquim.cl\/es\/wp-json\/wp\/v2\/comments?post=7705"}],"wp:featuredmedia":[{"embeddable":true,"href":"https:\/\/insuquim.cl\/es\/wp-json\/wp\/v2\/media\/7706"}],"wp:attachment":[{"href":"https:\/\/insuquim.cl\/es\/wp-json\/wp\/v2\/media?parent=7705"}],"wp:term":[{"taxonomy":"product_cat","embeddable":true,"href":"https:\/\/insuquim.cl\/es\/wp-json\/wp\/v2\/product_cat?post=7705"},{"taxonomy":"product_tag","embeddable":true,"href":"https:\/\/insuquim.cl\/es\/wp-json\/wp\/v2\/product_tag?post=7705"}],"curies":[{"name":"wp","href":"https:\/\/api.w.org\/{rel}","templated":true}]}}