{"id":7716,"date":"2024-02-09T18:02:14","date_gmt":"2024-02-09T18:02:14","guid":{"rendered":"https:\/\/insuquim.cl\/?post_type=product&#038;p=7716"},"modified":"2024-02-09T18:02:14","modified_gmt":"2024-02-09T18:02:14","slug":"silla-rolla","status":"publish","type":"product","link":"https:\/\/insuquim.cl\/es\/producto\/silla-rolla","title":{"rendered":"SILLA ROLLA"},"content":{"rendered":"<p><span class=\"OYPEnA text-decoration-none text-strikethrough-none\">Silla ergon\u00f3mica de mecanismo sincr\u00f3nico con desplazador de asiento, fijaci\u00f3n en m\u00faltiples posiciones y sistema de tensi\u00f3n regulable. Apoyacabeza de tela ajustable en altura y \u00e1ngulo. Respaldo de malla con soporte lumbar regulable en altura. Apoyabrazos de PU graduables en altura, \u00e1ngulo y profundidad. Asiento de espuma inyectada tapizado, gas de 100 mm, base de aluminio 700 mm y ruedas de PU grises de 50 mm.<\/span><\/p>","protected":false},"excerpt":{"rendered":"<p>Silla ergon\u00f3mica de mecanismo sincr\u00f3nico con desplazador de asiento, fijaci\u00f3n en m\u00faltiples posiciones y sistema de tensi\u00f3n regulable. Apoyacabeza de tela ajustable en altura y \u00e1ngulo. Respaldo de malla con soporte lumbar regulable en altura. Apoyabrazos de PU graduables en altura, \u00e1ngulo y profundidad. Asiento de espuma inyectada tapizado, gas de 100 mm, base de [&hellip;]<\/p>","protected":false},"featured_media":7717,"comment_status":"closed","ping_status":"closed","template":"","meta":{"_joinchat":[]},"product_cat":[439],"product_tag":[],"_links":{"self":[{"href":"https:\/\/insuquim.cl\/es\/wp-json\/wp\/v2\/product\/7716"}],"collection":[{"href":"https:\/\/insuquim.cl\/es\/wp-json\/wp\/v2\/product"}],"about":[{"href":"https:\/\/insuquim.cl\/es\/wp-json\/wp\/v2\/types\/product"}],"replies":[{"embeddable":true,"href":"https:\/\/insuquim.cl\/es\/wp-json\/wp\/v2\/comments?post=7716"}],"wp:featuredmedia":[{"embeddable":true,"href":"https:\/\/insuquim.cl\/es\/wp-json\/wp\/v2\/media\/7717"}],"wp:attachment":[{"href":"https:\/\/insuquim.cl\/es\/wp-json\/wp\/v2\/media?parent=7716"}],"wp:term":[{"taxonomy":"product_cat","embeddable":true,"href":"https:\/\/insuquim.cl\/es\/wp-json\/wp\/v2\/product_cat?post=7716"},{"taxonomy":"product_tag","embeddable":true,"href":"https:\/\/insuquim.cl\/es\/wp-json\/wp\/v2\/product_tag?post=7716"}],"curies":[{"name":"wp","href":"https:\/\/api.w.org\/{rel}","templated":true}]}}