{"id":7721,"date":"2024-02-09T18:08:24","date_gmt":"2024-02-09T18:08:24","guid":{"rendered":"https:\/\/insuquim.cl\/?post_type=product&#038;p=7721"},"modified":"2024-02-09T18:08:24","modified_gmt":"2024-02-09T18:08:24","slug":"silla-work-up","status":"publish","type":"product","link":"https:\/\/insuquim.cl\/es\/producto\/silla-work-up","title":{"rendered":"SILLA WORK UP"},"content":{"rendered":"<p class=\"cvGsUA direction-ltr align-justify para-style-body\"><span class=\"OYPEnA text-decoration-none text-strikethrough-none\">Silla ergon\u00f3mica con mecanismo sincr\u00f3nico, deslizador de asiento, fijaci\u00f3n en m\u00faltiples posiciones y sistema de tensi\u00f3n regulable. Respaldo <\/span><span class=\"OYPEnA text-decoration-none text-strikethrough-none\">de malla con soporte lumbar ajustable en profundidad. Apoyabrazos de PU graduables en altura. Asiento de espuma inyectada tapizada. Gas de 120 mm, base de nylon de 620 mm y ruedas de PU negras de 50mm. Opci\u00f3n de apoya cabeza de malla regulable en altura y \u00e1ngulo, con colgador de chaqueta integrado.<\/span><\/p>","protected":false},"excerpt":{"rendered":"<p>Silla ergon\u00f3mica con mecanismo sincr\u00f3nico, deslizador de asiento, fijaci\u00f3n en m\u00faltiples posiciones y sistema de tensi\u00f3n regulable. Respaldo de malla con soporte lumbar ajustable en profundidad. Apoyabrazos de PU graduables en altura. Asiento de espuma inyectada tapizada. Gas de 120 mm, base de nylon de 620 mm y ruedas de PU negras de 50mm. Opci\u00f3n [&hellip;]<\/p>","protected":false},"featured_media":7722,"comment_status":"closed","ping_status":"closed","template":"","meta":{"_joinchat":[]},"product_cat":[439],"product_tag":[],"_links":{"self":[{"href":"https:\/\/insuquim.cl\/es\/wp-json\/wp\/v2\/product\/7721"}],"collection":[{"href":"https:\/\/insuquim.cl\/es\/wp-json\/wp\/v2\/product"}],"about":[{"href":"https:\/\/insuquim.cl\/es\/wp-json\/wp\/v2\/types\/product"}],"replies":[{"embeddable":true,"href":"https:\/\/insuquim.cl\/es\/wp-json\/wp\/v2\/comments?post=7721"}],"wp:featuredmedia":[{"embeddable":true,"href":"https:\/\/insuquim.cl\/es\/wp-json\/wp\/v2\/media\/7722"}],"wp:attachment":[{"href":"https:\/\/insuquim.cl\/es\/wp-json\/wp\/v2\/media?parent=7721"}],"wp:term":[{"taxonomy":"product_cat","embeddable":true,"href":"https:\/\/insuquim.cl\/es\/wp-json\/wp\/v2\/product_cat?post=7721"},{"taxonomy":"product_tag","embeddable":true,"href":"https:\/\/insuquim.cl\/es\/wp-json\/wp\/v2\/product_tag?post=7721"}],"curies":[{"name":"wp","href":"https:\/\/api.w.org\/{rel}","templated":true}]}}