{"id":7744,"date":"2024-02-09T18:44:47","date_gmt":"2024-02-09T18:44:47","guid":{"rendered":"https:\/\/insuquim.cl\/?post_type=product&#038;p=7744"},"modified":"2024-02-09T18:44:47","modified_gmt":"2024-02-09T18:44:47","slug":"silla-focus","status":"publish","type":"product","link":"https:\/\/insuquim.cl\/es\/producto\/silla-focus","title":{"rendered":"SILLA FOCUS"},"content":{"rendered":"<p class=\"cvGsUA direction-ltr align-start para-style-body\"><span class=\"OYPEnA text-decoration-none text-strikethrough-none\">Silla ergon\u00f3mica con mecanismo sincr\u00f3nico, fijaci\u00f3n en m\u00faltiples posiciones y sistema de tensi\u00f3n regulable. Respaldo de malla regulable en altura, con apoyo lumbar ajustable en <\/span><span class=\"OYPEnA text-decoration-none text-strikethrough-none\">altura y apoyabrazos de PU graduables en altura. Asiento de espuma inyectada tapizada. Gas 120 mm, base de nylon de 660 mm y ruedas de PU negras de 50 mm. Apoya cabeza de malla regulable en altura y \u00e1ngulo, con colgador de chaqueta integrado, es opcional.<\/span><\/p>","protected":false},"excerpt":{"rendered":"<p>Silla ergon\u00f3mica con mecanismo sincr\u00f3nico, fijaci\u00f3n en m\u00faltiples posiciones y sistema de tensi\u00f3n regulable. Respaldo de malla regulable en altura, con apoyo lumbar ajustable en altura y apoyabrazos de PU graduables en altura. Asiento de espuma inyectada tapizada. Gas 120 mm, base de nylon de 660 mm y ruedas de PU negras de 50 mm. [&hellip;]<\/p>","protected":false},"featured_media":7745,"comment_status":"closed","ping_status":"closed","template":"","meta":{"_joinchat":[]},"product_cat":[439],"product_tag":[],"_links":{"self":[{"href":"https:\/\/insuquim.cl\/es\/wp-json\/wp\/v2\/product\/7744"}],"collection":[{"href":"https:\/\/insuquim.cl\/es\/wp-json\/wp\/v2\/product"}],"about":[{"href":"https:\/\/insuquim.cl\/es\/wp-json\/wp\/v2\/types\/product"}],"replies":[{"embeddable":true,"href":"https:\/\/insuquim.cl\/es\/wp-json\/wp\/v2\/comments?post=7744"}],"wp:featuredmedia":[{"embeddable":true,"href":"https:\/\/insuquim.cl\/es\/wp-json\/wp\/v2\/media\/7745"}],"wp:attachment":[{"href":"https:\/\/insuquim.cl\/es\/wp-json\/wp\/v2\/media?parent=7744"}],"wp:term":[{"taxonomy":"product_cat","embeddable":true,"href":"https:\/\/insuquim.cl\/es\/wp-json\/wp\/v2\/product_cat?post=7744"},{"taxonomy":"product_tag","embeddable":true,"href":"https:\/\/insuquim.cl\/es\/wp-json\/wp\/v2\/product_tag?post=7744"}],"curies":[{"name":"wp","href":"https:\/\/api.w.org\/{rel}","templated":true}]}}