{"id":7749,"date":"2024-02-09T18:49:19","date_gmt":"2024-02-09T18:49:19","guid":{"rendered":"https:\/\/insuquim.cl\/?post_type=product&#038;p=7749"},"modified":"2024-02-09T18:49:19","modified_gmt":"2024-02-09T18:49:19","slug":"silla-focus-blanca","status":"publish","type":"product","link":"https:\/\/insuquim.cl\/es\/producto\/silla-focus-blanca","title":{"rendered":"SILLA FOCUS BLANCA"},"content":{"rendered":"<p class=\"cvGsUA direction-ltr align-start para-style-body\"><span class=\"OYPEnA text-decoration-none text-strikethrough-none\">Silla ergon\u00f3mica con mecanismo sincr\u00f3nico, fijaci\u00f3n en m\u00faltiples posiciones y sistema de tensi\u00f3n regulable. Respaldo de malla con soporte lumbar ajustable en altura. Apoyabrazos de PU graduables en altura, \u00e1ngulo y profundidad. Asiento de espuma inyectada tapizado. Gas de 120 mm, base de <\/span><span class=\"OYPEnA text-decoration-none text-strikethrough-none\">aluminio de 640 mm y ruedas de PU gris de 50 mm.<\/span><\/p>","protected":false},"excerpt":{"rendered":"<p>Silla ergon\u00f3mica con mecanismo sincr\u00f3nico, fijaci\u00f3n en m\u00faltiples posiciones y sistema de tensi\u00f3n regulable. Respaldo de malla con soporte lumbar ajustable en altura. Apoyabrazos de PU graduables en altura, \u00e1ngulo y profundidad. Asiento de espuma inyectada tapizado. Gas de 120 mm, base de aluminio de 640 mm y ruedas de PU gris de 50 mm.<\/p>","protected":false},"featured_media":7750,"comment_status":"closed","ping_status":"closed","template":"","meta":{"_joinchat":[]},"product_cat":[439],"product_tag":[],"_links":{"self":[{"href":"https:\/\/insuquim.cl\/es\/wp-json\/wp\/v2\/product\/7749"}],"collection":[{"href":"https:\/\/insuquim.cl\/es\/wp-json\/wp\/v2\/product"}],"about":[{"href":"https:\/\/insuquim.cl\/es\/wp-json\/wp\/v2\/types\/product"}],"replies":[{"embeddable":true,"href":"https:\/\/insuquim.cl\/es\/wp-json\/wp\/v2\/comments?post=7749"}],"wp:featuredmedia":[{"embeddable":true,"href":"https:\/\/insuquim.cl\/es\/wp-json\/wp\/v2\/media\/7750"}],"wp:attachment":[{"href":"https:\/\/insuquim.cl\/es\/wp-json\/wp\/v2\/media?parent=7749"}],"wp:term":[{"taxonomy":"product_cat","embeddable":true,"href":"https:\/\/insuquim.cl\/es\/wp-json\/wp\/v2\/product_cat?post=7749"},{"taxonomy":"product_tag","embeddable":true,"href":"https:\/\/insuquim.cl\/es\/wp-json\/wp\/v2\/product_tag?post=7749"}],"curies":[{"name":"wp","href":"https:\/\/api.w.org\/{rel}","templated":true}]}}