{"id":7754,"date":"2024-02-09T18:55:20","date_gmt":"2024-02-09T18:55:20","guid":{"rendered":"https:\/\/insuquim.cl\/?post_type=product&#038;p=7754"},"modified":"2024-02-09T18:55:20","modified_gmt":"2024-02-09T18:55:20","slug":"silla-bart","status":"publish","type":"product","link":"https:\/\/insuquim.cl\/es\/producto\/silla-bart","title":{"rendered":"SILLA BART"},"content":{"rendered":"<p><span class=\"OYPEnA text-decoration-none text-strikethrough-none\">Silla ergon\u00f3mica con mecanismo sincr\u00f3nico, fijaci\u00f3n en m\u00faltiples posiciones y sistema de tensi\u00f3n regulable. Respaldo de malla con soporte lumbar ajustable en profundidad. Apoyabrazos de PU graduables en altura y asiento de espuma inyectada tapizado. Gas de 80 mm, base de nylon de 640 mm y ruedas de PU negras de 50 mm. Alternativa de cambio a base de aluminio y cabecero de malla regulable en altura y \u00e1ngulo, opcional.<\/span><\/p>","protected":false},"excerpt":{"rendered":"<p>Silla ergon\u00f3mica con mecanismo sincr\u00f3nico, fijaci\u00f3n en m\u00faltiples posiciones y sistema de tensi\u00f3n regulable. Respaldo de malla con soporte lumbar ajustable en profundidad. Apoyabrazos de PU graduables en altura y asiento de espuma inyectada tapizado. Gas de 80 mm, base de nylon de 640 mm y ruedas de PU negras de 50 mm. Alternativa de [&hellip;]<\/p>","protected":false},"featured_media":7755,"comment_status":"closed","ping_status":"closed","template":"","meta":{"_joinchat":[]},"product_cat":[439],"product_tag":[],"_links":{"self":[{"href":"https:\/\/insuquim.cl\/es\/wp-json\/wp\/v2\/product\/7754"}],"collection":[{"href":"https:\/\/insuquim.cl\/es\/wp-json\/wp\/v2\/product"}],"about":[{"href":"https:\/\/insuquim.cl\/es\/wp-json\/wp\/v2\/types\/product"}],"replies":[{"embeddable":true,"href":"https:\/\/insuquim.cl\/es\/wp-json\/wp\/v2\/comments?post=7754"}],"wp:featuredmedia":[{"embeddable":true,"href":"https:\/\/insuquim.cl\/es\/wp-json\/wp\/v2\/media\/7755"}],"wp:attachment":[{"href":"https:\/\/insuquim.cl\/es\/wp-json\/wp\/v2\/media?parent=7754"}],"wp:term":[{"taxonomy":"product_cat","embeddable":true,"href":"https:\/\/insuquim.cl\/es\/wp-json\/wp\/v2\/product_cat?post=7754"},{"taxonomy":"product_tag","embeddable":true,"href":"https:\/\/insuquim.cl\/es\/wp-json\/wp\/v2\/product_tag?post=7754"}],"curies":[{"name":"wp","href":"https:\/\/api.w.org\/{rel}","templated":true}]}}