{"id":7759,"date":"2024-02-09T19:01:43","date_gmt":"2024-02-09T19:01:43","guid":{"rendered":"https:\/\/insuquim.cl\/?post_type=product&#038;p=7759"},"modified":"2024-02-09T19:01:43","modified_gmt":"2024-02-09T19:01:43","slug":"silla-tela","status":"publish","type":"product","link":"https:\/\/insuquim.cl\/es\/producto\/silla-tela","title":{"rendered":"SILLA TELA"},"content":{"rendered":"<p><span class=\"OYPEnA text-decoration-none text-strikethrough-none\">Silla ergon\u00f3mica con mecanismo sincr\u00f3nico, deslizador de asiento, fijaci\u00f3n en m\u00faltiples posiciones y sistema de tensi\u00f3n regulable. Respaldo de malla con soporte lumbar ajustable en altura. Apoyabrazos de PU graduables en altura, \u00e1ngulo y profundidad. Asiento de espuma inyectada tapizada, gas de 100 mm, base de nylon de 660 mm y ruedas de PU negras de 50 mm. Opci\u00f3n de cabecero de tela regulable en altura y \u00e1ngulo.<\/span><\/p>","protected":false},"excerpt":{"rendered":"<p>Silla ergon\u00f3mica con mecanismo sincr\u00f3nico, deslizador de asiento, fijaci\u00f3n en m\u00faltiples posiciones y sistema de tensi\u00f3n regulable. Respaldo de malla con soporte lumbar ajustable en altura. Apoyabrazos de PU graduables en altura, \u00e1ngulo y profundidad. Asiento de espuma inyectada tapizada, gas de 100 mm, base de nylon de 660 mm y ruedas de PU negras [&hellip;]<\/p>","protected":false},"featured_media":7760,"comment_status":"closed","ping_status":"closed","template":"","meta":{"_joinchat":[]},"product_cat":[439],"product_tag":[],"_links":{"self":[{"href":"https:\/\/insuquim.cl\/es\/wp-json\/wp\/v2\/product\/7759"}],"collection":[{"href":"https:\/\/insuquim.cl\/es\/wp-json\/wp\/v2\/product"}],"about":[{"href":"https:\/\/insuquim.cl\/es\/wp-json\/wp\/v2\/types\/product"}],"replies":[{"embeddable":true,"href":"https:\/\/insuquim.cl\/es\/wp-json\/wp\/v2\/comments?post=7759"}],"wp:featuredmedia":[{"embeddable":true,"href":"https:\/\/insuquim.cl\/es\/wp-json\/wp\/v2\/media\/7760"}],"wp:attachment":[{"href":"https:\/\/insuquim.cl\/es\/wp-json\/wp\/v2\/media?parent=7759"}],"wp:term":[{"taxonomy":"product_cat","embeddable":true,"href":"https:\/\/insuquim.cl\/es\/wp-json\/wp\/v2\/product_cat?post=7759"},{"taxonomy":"product_tag","embeddable":true,"href":"https:\/\/insuquim.cl\/es\/wp-json\/wp\/v2\/product_tag?post=7759"}],"curies":[{"name":"wp","href":"https:\/\/api.w.org\/{rel}","templated":true}]}}