{"id":7765,"date":"2024-02-09T19:08:35","date_gmt":"2024-02-09T19:08:35","guid":{"rendered":"https:\/\/insuquim.cl\/?post_type=product&#038;p=7765"},"modified":"2024-02-09T19:08:35","modified_gmt":"2024-02-09T19:08:35","slug":"silla-tela-gris","status":"publish","type":"product","link":"https:\/\/insuquim.cl\/es\/producto\/silla-tela-gris","title":{"rendered":"SILLA TELA GRIS"},"content":{"rendered":"<p><span class=\"OYPEnA text-decoration-none text-strikethrough-none\">Silla ergon\u00f3mica con mecanismo sincr\u00f3nico, deslizador de asiento, fijaci\u00f3n en m\u00faltiples posiciones y sistema de tensi\u00f3n regulable. Apoya cabeza tapizado en tela gris, graduable en altura. Respaldo de malla gris con soporte lumbar ajustable en altura. Apoyabrazos de PU regulables en altura, \u00e1ngulo y profundidad. Asiento de espuma inyectada tapizada, gas de 100 mm, base de nylon gris de 660 mm y ruedas de PU gris de 50 mm.<\/span><\/p>","protected":false},"excerpt":{"rendered":"<p>Silla ergon\u00f3mica con mecanismo sincr\u00f3nico, deslizador de asiento, fijaci\u00f3n en m\u00faltiples posiciones y sistema de tensi\u00f3n regulable. Apoya cabeza tapizado en tela gris, graduable en altura. Respaldo de malla gris con soporte lumbar ajustable en altura. Apoyabrazos de PU regulables en altura, \u00e1ngulo y profundidad. Asiento de espuma inyectada tapizada, gas de 100 mm, base [&hellip;]<\/p>","protected":false},"featured_media":7766,"comment_status":"closed","ping_status":"closed","template":"","meta":{"_joinchat":[]},"product_cat":[439],"product_tag":[],"_links":{"self":[{"href":"https:\/\/insuquim.cl\/es\/wp-json\/wp\/v2\/product\/7765"}],"collection":[{"href":"https:\/\/insuquim.cl\/es\/wp-json\/wp\/v2\/product"}],"about":[{"href":"https:\/\/insuquim.cl\/es\/wp-json\/wp\/v2\/types\/product"}],"replies":[{"embeddable":true,"href":"https:\/\/insuquim.cl\/es\/wp-json\/wp\/v2\/comments?post=7765"}],"wp:featuredmedia":[{"embeddable":true,"href":"https:\/\/insuquim.cl\/es\/wp-json\/wp\/v2\/media\/7766"}],"wp:attachment":[{"href":"https:\/\/insuquim.cl\/es\/wp-json\/wp\/v2\/media?parent=7765"}],"wp:term":[{"taxonomy":"product_cat","embeddable":true,"href":"https:\/\/insuquim.cl\/es\/wp-json\/wp\/v2\/product_cat?post=7765"},{"taxonomy":"product_tag","embeddable":true,"href":"https:\/\/insuquim.cl\/es\/wp-json\/wp\/v2\/product_tag?post=7765"}],"curies":[{"name":"wp","href":"https:\/\/api.w.org\/{rel}","templated":true}]}}