{"id":7770,"date":"2024-02-09T19:14:50","date_gmt":"2024-02-09T19:14:50","guid":{"rendered":"https:\/\/insuquim.cl\/?post_type=product&#038;p=7770"},"modified":"2024-02-09T19:14:50","modified_gmt":"2024-02-09T19:14:50","slug":"silla-mosel","status":"publish","type":"product","link":"https:\/\/insuquim.cl\/es\/producto\/silla-mosel","title":{"rendered":"SILLA MOSEL"},"content":{"rendered":"<p class=\"cvGsUA direction-ltr align-start para-style-body\"><span class=\"OYPEnA text-decoration-none text-strikethrough-none\">Silla ergon\u00f3mica con mecanismo sincr\u00f3nico, fijaci\u00f3n en m\u00faltiples posiciones y sistema de tensi\u00f3n regulable. Respaldo de malla con soporte lumbar ajustable en altura. Apoyabrazos de PU graduables en altura. Asiento de <\/span><span class=\"OYPEnA text-decoration-none text-strikethrough-none\">espuma inyectada tapizado. Gas de 100 mm, base de nylon 680 mm y ruedas de 60 mm. Opci\u00f3n de cabecero de PU regulable en \u00e1ngulo.<\/span><\/p>","protected":false},"excerpt":{"rendered":"<p>Silla ergon\u00f3mica con mecanismo sincr\u00f3nico, fijaci\u00f3n en m\u00faltiples posiciones y sistema de tensi\u00f3n regulable. Respaldo de malla con soporte lumbar ajustable en altura. Apoyabrazos de PU graduables en altura. Asiento de espuma inyectada tapizado. Gas de 100 mm, base de nylon 680 mm y ruedas de 60 mm. Opci\u00f3n de cabecero de PU regulable en [&hellip;]<\/p>","protected":false},"featured_media":7771,"comment_status":"closed","ping_status":"closed","template":"","meta":{"_joinchat":[]},"product_cat":[439],"product_tag":[],"_links":{"self":[{"href":"https:\/\/insuquim.cl\/es\/wp-json\/wp\/v2\/product\/7770"}],"collection":[{"href":"https:\/\/insuquim.cl\/es\/wp-json\/wp\/v2\/product"}],"about":[{"href":"https:\/\/insuquim.cl\/es\/wp-json\/wp\/v2\/types\/product"}],"replies":[{"embeddable":true,"href":"https:\/\/insuquim.cl\/es\/wp-json\/wp\/v2\/comments?post=7770"}],"wp:featuredmedia":[{"embeddable":true,"href":"https:\/\/insuquim.cl\/es\/wp-json\/wp\/v2\/media\/7771"}],"wp:attachment":[{"href":"https:\/\/insuquim.cl\/es\/wp-json\/wp\/v2\/media?parent=7770"}],"wp:term":[{"taxonomy":"product_cat","embeddable":true,"href":"https:\/\/insuquim.cl\/es\/wp-json\/wp\/v2\/product_cat?post=7770"},{"taxonomy":"product_tag","embeddable":true,"href":"https:\/\/insuquim.cl\/es\/wp-json\/wp\/v2\/product_tag?post=7770"}],"curies":[{"name":"wp","href":"https:\/\/api.w.org\/{rel}","templated":true}]}}