{"id":7785,"date":"2024-02-12T13:47:27","date_gmt":"2024-02-12T13:47:27","guid":{"rendered":"https:\/\/insuquim.cl\/?post_type=product&#038;p=7785"},"modified":"2024-02-12T13:47:28","modified_gmt":"2024-02-12T13:47:28","slug":"silla-gent","status":"publish","type":"product","link":"https:\/\/insuquim.cl\/es\/producto\/silla-gent","title":{"rendered":"SILLA GENT"},"content":{"rendered":"<p class=\"cvGsUA direction-ltr align-start para-style-body\"><span class=\"OYPEnA text-decoration-none text-strikethrough-none\">Silla ergon\u00f3mica con mecanismo sincr\u00f3nico, fijaci\u00f3n de una posici\u00f3n y sistema de tensi\u00f3n regulable. Respaldo de malla con soporte lumbar fijo y apoyabrazos de PU <\/span><span class=\"OYPEnA text-decoration-none text-strikethrough-none\">graduables en altura. Asiento de espuma inyectada tapizado, gas de 120 mm, base de nylon de 640 mm y ruedas de PU negro de 50 mm.<\/span><\/p>","protected":false},"excerpt":{"rendered":"<p>Silla ergon\u00f3mica con mecanismo sincr\u00f3nico, fijaci\u00f3n de una posici\u00f3n y sistema de tensi\u00f3n regulable. Respaldo de malla con soporte lumbar fijo y apoyabrazos de PU graduables en altura. Asiento de espuma inyectada tapizado, gas de 120 mm, base de nylon de 640 mm y ruedas de PU negro de 50 mm.<\/p>","protected":false},"featured_media":7787,"comment_status":"closed","ping_status":"closed","template":"","meta":{"_joinchat":[]},"product_cat":[439],"product_tag":[],"_links":{"self":[{"href":"https:\/\/insuquim.cl\/es\/wp-json\/wp\/v2\/product\/7785"}],"collection":[{"href":"https:\/\/insuquim.cl\/es\/wp-json\/wp\/v2\/product"}],"about":[{"href":"https:\/\/insuquim.cl\/es\/wp-json\/wp\/v2\/types\/product"}],"replies":[{"embeddable":true,"href":"https:\/\/insuquim.cl\/es\/wp-json\/wp\/v2\/comments?post=7785"}],"wp:featuredmedia":[{"embeddable":true,"href":"https:\/\/insuquim.cl\/es\/wp-json\/wp\/v2\/media\/7787"}],"wp:attachment":[{"href":"https:\/\/insuquim.cl\/es\/wp-json\/wp\/v2\/media?parent=7785"}],"wp:term":[{"taxonomy":"product_cat","embeddable":true,"href":"https:\/\/insuquim.cl\/es\/wp-json\/wp\/v2\/product_cat?post=7785"},{"taxonomy":"product_tag","embeddable":true,"href":"https:\/\/insuquim.cl\/es\/wp-json\/wp\/v2\/product_tag?post=7785"}],"curies":[{"name":"wp","href":"https:\/\/api.w.org\/{rel}","templated":true}]}}