{"id":7791,"date":"2024-02-12T13:52:21","date_gmt":"2024-02-12T13:52:21","guid":{"rendered":"https:\/\/insuquim.cl\/?post_type=product&#038;p=7791"},"modified":"2024-02-12T13:52:21","modified_gmt":"2024-02-12T13:52:21","slug":"silla-goya","status":"publish","type":"product","link":"https:\/\/insuquim.cl\/es\/producto\/silla-goya","title":{"rendered":"SILLA GOYA"},"content":{"rendered":"<p class=\"cvGsUA direction-ltr align-justify para-style-body\"><span class=\"OYPEnA text-decoration-none text-strikethrough-none\">Silla ergon\u00f3mica con mecanismo sincr\u00f3nico y fijaci\u00f3n en m\u00faltiples posiciones con sistema de <\/span><span class=\"OYPEnA text-decoration-none text-strikethrough-none\">tensi\u00f3n regulable. Apoya cabezas de malla regulable en altura, opcional. Respaldo de malla con soporte lumbar din\u00e1mico. Apoya brazos de PP regulables en altura. Asiento de espuma inyectada tapizado en tela. Gas de 120mm, base de nylon de 660mm y ruedas de PU negras de 60mm.<\/span><\/p>","protected":false},"excerpt":{"rendered":"<p>Silla ergon\u00f3mica con mecanismo sincr\u00f3nico y fijaci\u00f3n en m\u00faltiples posiciones con sistema de tensi\u00f3n regulable. Apoya cabezas de malla regulable en altura, opcional. Respaldo de malla con soporte lumbar din\u00e1mico. Apoya brazos de PP regulables en altura. Asiento de espuma inyectada tapizado en tela. Gas de 120mm, base de nylon de 660mm y ruedas de [&hellip;]<\/p>","protected":false},"featured_media":7792,"comment_status":"closed","ping_status":"closed","template":"","meta":{"_joinchat":[]},"product_cat":[439],"product_tag":[],"_links":{"self":[{"href":"https:\/\/insuquim.cl\/es\/wp-json\/wp\/v2\/product\/7791"}],"collection":[{"href":"https:\/\/insuquim.cl\/es\/wp-json\/wp\/v2\/product"}],"about":[{"href":"https:\/\/insuquim.cl\/es\/wp-json\/wp\/v2\/types\/product"}],"replies":[{"embeddable":true,"href":"https:\/\/insuquim.cl\/es\/wp-json\/wp\/v2\/comments?post=7791"}],"wp:featuredmedia":[{"embeddable":true,"href":"https:\/\/insuquim.cl\/es\/wp-json\/wp\/v2\/media\/7792"}],"wp:attachment":[{"href":"https:\/\/insuquim.cl\/es\/wp-json\/wp\/v2\/media?parent=7791"}],"wp:term":[{"taxonomy":"product_cat","embeddable":true,"href":"https:\/\/insuquim.cl\/es\/wp-json\/wp\/v2\/product_cat?post=7791"},{"taxonomy":"product_tag","embeddable":true,"href":"https:\/\/insuquim.cl\/es\/wp-json\/wp\/v2\/product_tag?post=7791"}],"curies":[{"name":"wp","href":"https:\/\/api.w.org\/{rel}","templated":true}]}}