{"id":7796,"date":"2024-02-12T13:57:18","date_gmt":"2024-02-12T13:57:18","guid":{"rendered":"https:\/\/insuquim.cl\/?post_type=product&#038;p=7796"},"modified":"2024-02-12T13:57:19","modified_gmt":"2024-02-12T13:57:19","slug":"silla-rubens","status":"publish","type":"product","link":"https:\/\/insuquim.cl\/es\/producto\/silla-rubens","title":{"rendered":"SILLA RUBENS"},"content":{"rendered":"<p class=\"cvGsUA direction-ltr align-start para-style-body\"><span class=\"OYPEnA text-decoration-none text-strikethrough-none\">Silla ergon\u00f3mica con mecanismo sincr\u00f3nico con desplazador de asiento, fijaci\u00f3n en <\/span><span class=\"OYPEnA text-decoration-none text-strikethrough-none\">m\u00faltiples posiciones y sistema de tensi\u00f3n regulable. Apoya cabezas de PU regulable en altura, opcional. Respaldo de malla con soporte lumbar regulable en altura. Apoya brazos de PU regulables en altura, \u00e1ngulo y profundidad. Asiento de espuma inyectada tapizado en tela. Gas de 120mm, base de nylon de 660mm y ruedas de PU negras de 60mm.<\/span><\/p>","protected":false},"excerpt":{"rendered":"<p>Silla ergon\u00f3mica con mecanismo sincr\u00f3nico con desplazador de asiento, fijaci\u00f3n en m\u00faltiples posiciones y sistema de tensi\u00f3n regulable. Apoya cabezas de PU regulable en altura, opcional. Respaldo de malla con soporte lumbar regulable en altura. Apoya brazos de PU regulables en altura, \u00e1ngulo y profundidad. Asiento de espuma inyectada tapizado en tela. Gas de 120mm, [&hellip;]<\/p>","protected":false},"featured_media":7797,"comment_status":"closed","ping_status":"closed","template":"","meta":{"_joinchat":[]},"product_cat":[439],"product_tag":[],"_links":{"self":[{"href":"https:\/\/insuquim.cl\/es\/wp-json\/wp\/v2\/product\/7796"}],"collection":[{"href":"https:\/\/insuquim.cl\/es\/wp-json\/wp\/v2\/product"}],"about":[{"href":"https:\/\/insuquim.cl\/es\/wp-json\/wp\/v2\/types\/product"}],"replies":[{"embeddable":true,"href":"https:\/\/insuquim.cl\/es\/wp-json\/wp\/v2\/comments?post=7796"}],"wp:featuredmedia":[{"embeddable":true,"href":"https:\/\/insuquim.cl\/es\/wp-json\/wp\/v2\/media\/7797"}],"wp:attachment":[{"href":"https:\/\/insuquim.cl\/es\/wp-json\/wp\/v2\/media?parent=7796"}],"wp:term":[{"taxonomy":"product_cat","embeddable":true,"href":"https:\/\/insuquim.cl\/es\/wp-json\/wp\/v2\/product_cat?post=7796"},{"taxonomy":"product_tag","embeddable":true,"href":"https:\/\/insuquim.cl\/es\/wp-json\/wp\/v2\/product_tag?post=7796"}],"curies":[{"name":"wp","href":"https:\/\/api.w.org\/{rel}","templated":true}]}}