{"id":7801,"date":"2024-02-12T14:08:37","date_gmt":"2024-02-12T14:08:37","guid":{"rendered":"https:\/\/insuquim.cl\/?post_type=product&#038;p=7801"},"modified":"2024-02-12T14:08:38","modified_gmt":"2024-02-12T14:08:38","slug":"silla-atenea","status":"publish","type":"product","link":"https:\/\/insuquim.cl\/es\/producto\/silla-atenea","title":{"rendered":"SILLA ATENEA"},"content":{"rendered":"<p class=\"cvGsUA direction-ltr align-justify para-style-body\"><span class=\"OYPEnA text-decoration-none text-strikethrough-none\">Silla ergon\u00f3mica profesional con mecanismo sincr\u00f3nico y sistema de tensi\u00f3n regulable. Respaldo <\/span><span class=\"OYPEnA text-decoration-none text-strikethrough-none\">de malla con soporte lumbar ajustable en altura. Apoyabrazos de PU graduables en altura. Asiento de espuma inyectada tapizado en tela. Gas de 120 mm, base de nylon de 660 mm y ruedas de PU negras de 60 mm. Cabecero opcional de tela, regulable en altura y \u00e1ngulo.<\/span><\/p>","protected":false},"excerpt":{"rendered":"<p>Silla ergon\u00f3mica profesional con mecanismo sincr\u00f3nico y sistema de tensi\u00f3n regulable. Respaldo de malla con soporte lumbar ajustable en altura. Apoyabrazos de PU graduables en altura. Asiento de espuma inyectada tapizado en tela. Gas de 120 mm, base de nylon de 660 mm y ruedas de PU negras de 60 mm. Cabecero opcional de tela, [&hellip;]<\/p>","protected":false},"featured_media":7804,"comment_status":"closed","ping_status":"closed","template":"","meta":{"_joinchat":[]},"product_cat":[439],"product_tag":[],"_links":{"self":[{"href":"https:\/\/insuquim.cl\/es\/wp-json\/wp\/v2\/product\/7801"}],"collection":[{"href":"https:\/\/insuquim.cl\/es\/wp-json\/wp\/v2\/product"}],"about":[{"href":"https:\/\/insuquim.cl\/es\/wp-json\/wp\/v2\/types\/product"}],"replies":[{"embeddable":true,"href":"https:\/\/insuquim.cl\/es\/wp-json\/wp\/v2\/comments?post=7801"}],"wp:featuredmedia":[{"embeddable":true,"href":"https:\/\/insuquim.cl\/es\/wp-json\/wp\/v2\/media\/7804"}],"wp:attachment":[{"href":"https:\/\/insuquim.cl\/es\/wp-json\/wp\/v2\/media?parent=7801"}],"wp:term":[{"taxonomy":"product_cat","embeddable":true,"href":"https:\/\/insuquim.cl\/es\/wp-json\/wp\/v2\/product_cat?post=7801"},{"taxonomy":"product_tag","embeddable":true,"href":"https:\/\/insuquim.cl\/es\/wp-json\/wp\/v2\/product_tag?post=7801"}],"curies":[{"name":"wp","href":"https:\/\/api.w.org\/{rel}","templated":true}]}}