{"id":7810,"date":"2024-02-12T14:28:33","date_gmt":"2024-02-12T14:28:33","guid":{"rendered":"https:\/\/insuquim.cl\/?post_type=product&#038;p=7810"},"modified":"2024-02-12T14:28:34","modified_gmt":"2024-02-12T14:28:34","slug":"silla-roma","status":"publish","type":"product","link":"https:\/\/insuquim.cl\/es\/producto\/silla-roma","title":{"rendered":"SILLA ROMA"},"content":{"rendered":"<p><span class=\"OYPEnA text-decoration-none text-strikethrough-none\">Silla ergon\u00f3mica con mecanismo de reclinaci\u00f3n simple y sistema de tensi\u00f3n regulable. Respaldo y asiento de espuma tapizada en PU, con soporte lumbar fijo. Apoyabrazos fijos y tapizados, gas de 100 mm, base de aluminio de 660 mm y ruedas de PU negro de 50 mm.<\/span><\/p>","protected":false},"excerpt":{"rendered":"<p>Silla ergon\u00f3mica con mecanismo de reclinaci\u00f3n simple y sistema de tensi\u00f3n regulable. Respaldo y asiento de espuma tapizada en PU, con soporte lumbar fijo. Apoyabrazos fijos y tapizados, gas de 100 mm, base de aluminio de 660 mm y ruedas de PU negro de 50 mm.<\/p>","protected":false},"featured_media":7814,"comment_status":"closed","ping_status":"closed","template":"","meta":{"_joinchat":[]},"product_cat":[439],"product_tag":[],"_links":{"self":[{"href":"https:\/\/insuquim.cl\/es\/wp-json\/wp\/v2\/product\/7810"}],"collection":[{"href":"https:\/\/insuquim.cl\/es\/wp-json\/wp\/v2\/product"}],"about":[{"href":"https:\/\/insuquim.cl\/es\/wp-json\/wp\/v2\/types\/product"}],"replies":[{"embeddable":true,"href":"https:\/\/insuquim.cl\/es\/wp-json\/wp\/v2\/comments?post=7810"}],"wp:featuredmedia":[{"embeddable":true,"href":"https:\/\/insuquim.cl\/es\/wp-json\/wp\/v2\/media\/7814"}],"wp:attachment":[{"href":"https:\/\/insuquim.cl\/es\/wp-json\/wp\/v2\/media?parent=7810"}],"wp:term":[{"taxonomy":"product_cat","embeddable":true,"href":"https:\/\/insuquim.cl\/es\/wp-json\/wp\/v2\/product_cat?post=7810"},{"taxonomy":"product_tag","embeddable":true,"href":"https:\/\/insuquim.cl\/es\/wp-json\/wp\/v2\/product_tag?post=7810"}],"curies":[{"name":"wp","href":"https:\/\/api.w.org\/{rel}","templated":true}]}}