{"id":7815,"date":"2024-02-12T14:31:17","date_gmt":"2024-02-12T14:31:17","guid":{"rendered":"https:\/\/insuquim.cl\/?post_type=product&#038;p=7815"},"modified":"2024-02-12T14:31:17","modified_gmt":"2024-02-12T14:31:17","slug":"silla-noa","status":"publish","type":"product","link":"https:\/\/insuquim.cl\/es\/producto\/silla-noa","title":{"rendered":"SILLA NOA"},"content":{"rendered":"<p><span class=\"OYPEnA text-decoration-none text-strikethrough-none\">Sill\u00f3n ergon\u00f3mico profesional con mecanismo de reclinaci\u00f3n, de centro adelantado y fijaci\u00f3n en m\u00faltiples posiciones. Sistema de tensi\u00f3n regulable. Apoyacabeza fijo de PU en continuaci\u00f3n del respaldo de PU con apoyo lumbar fijo. Asiento de PU con espuma inyectada. Gas de 80 mm, base de aluminio pulido de 700 mm y ruedas de PU negras de 50 mm.<\/span><\/p>","protected":false},"excerpt":{"rendered":"<p>Sill\u00f3n ergon\u00f3mico profesional con mecanismo de reclinaci\u00f3n, de centro adelantado y fijaci\u00f3n en m\u00faltiples posiciones. Sistema de tensi\u00f3n regulable. Apoyacabeza fijo de PU en continuaci\u00f3n del respaldo de PU con apoyo lumbar fijo. Asiento de PU con espuma inyectada. Gas de 80 mm, base de aluminio pulido de 700 mm y ruedas de PU negras [&hellip;]<\/p>","protected":false},"featured_media":7816,"comment_status":"closed","ping_status":"closed","template":"","meta":{"_joinchat":[]},"product_cat":[439],"product_tag":[],"_links":{"self":[{"href":"https:\/\/insuquim.cl\/es\/wp-json\/wp\/v2\/product\/7815"}],"collection":[{"href":"https:\/\/insuquim.cl\/es\/wp-json\/wp\/v2\/product"}],"about":[{"href":"https:\/\/insuquim.cl\/es\/wp-json\/wp\/v2\/types\/product"}],"replies":[{"embeddable":true,"href":"https:\/\/insuquim.cl\/es\/wp-json\/wp\/v2\/comments?post=7815"}],"wp:featuredmedia":[{"embeddable":true,"href":"https:\/\/insuquim.cl\/es\/wp-json\/wp\/v2\/media\/7816"}],"wp:attachment":[{"href":"https:\/\/insuquim.cl\/es\/wp-json\/wp\/v2\/media?parent=7815"}],"wp:term":[{"taxonomy":"product_cat","embeddable":true,"href":"https:\/\/insuquim.cl\/es\/wp-json\/wp\/v2\/product_cat?post=7815"},{"taxonomy":"product_tag","embeddable":true,"href":"https:\/\/insuquim.cl\/es\/wp-json\/wp\/v2\/product_tag?post=7815"}],"curies":[{"name":"wp","href":"https:\/\/api.w.org\/{rel}","templated":true}]}}