{"id":7823,"date":"2024-02-12T14:34:10","date_gmt":"2024-02-12T14:34:10","guid":{"rendered":"https:\/\/insuquim.cl\/?post_type=product&#038;p=7823"},"modified":"2024-02-12T14:34:11","modified_gmt":"2024-02-12T14:34:11","slug":"silla-job-gris","status":"publish","type":"product","link":"https:\/\/insuquim.cl\/es\/producto\/silla-job-gris","title":{"rendered":"SILLA JOB GRIS"},"content":{"rendered":"<p class=\"cvGsUA direction-ltr align-start para-style-body\"><span class=\"OYPEnA text-decoration-none text-strikethrough-none\">Silla ergon\u00f3mica con mecanismo de reclinaci\u00f3n simple <\/span><span class=\"OYPEnA text-decoration-none text-strikethrough-none\">y sistema de tensi\u00f3n regulable. Respaldo <\/span><span class=\"OYPEnA text-decoration-none text-strikethrough-none\">de malla y apoyabrazos de PU ajustables en altura. Asiento de espuma inyectada tapizado, gas de 120 mm, base de nylon de 640mm y ruedas de PU gris de 65 mm.<\/span><\/p>","protected":false},"excerpt":{"rendered":"<p>Silla ergon\u00f3mica con mecanismo de reclinaci\u00f3n simple y sistema de tensi\u00f3n regulable. Respaldo de malla y apoyabrazos de PU ajustables en altura. Asiento de espuma inyectada tapizado, gas de 120 mm, base de nylon de 640mm y ruedas de PU gris de 65 mm.<\/p>","protected":false},"featured_media":7827,"comment_status":"closed","ping_status":"closed","template":"","meta":{"_joinchat":[]},"product_cat":[439],"product_tag":[],"_links":{"self":[{"href":"https:\/\/insuquim.cl\/es\/wp-json\/wp\/v2\/product\/7823"}],"collection":[{"href":"https:\/\/insuquim.cl\/es\/wp-json\/wp\/v2\/product"}],"about":[{"href":"https:\/\/insuquim.cl\/es\/wp-json\/wp\/v2\/types\/product"}],"replies":[{"embeddable":true,"href":"https:\/\/insuquim.cl\/es\/wp-json\/wp\/v2\/comments?post=7823"}],"wp:featuredmedia":[{"embeddable":true,"href":"https:\/\/insuquim.cl\/es\/wp-json\/wp\/v2\/media\/7827"}],"wp:attachment":[{"href":"https:\/\/insuquim.cl\/es\/wp-json\/wp\/v2\/media?parent=7823"}],"wp:term":[{"taxonomy":"product_cat","embeddable":true,"href":"https:\/\/insuquim.cl\/es\/wp-json\/wp\/v2\/product_cat?post=7823"},{"taxonomy":"product_tag","embeddable":true,"href":"https:\/\/insuquim.cl\/es\/wp-json\/wp\/v2\/product_tag?post=7823"}],"curies":[{"name":"wp","href":"https:\/\/api.w.org\/{rel}","templated":true}]}}