{"id":7832,"date":"2024-02-12T14:39:15","date_gmt":"2024-02-12T14:39:15","guid":{"rendered":"https:\/\/insuquim.cl\/?post_type=product&#038;p=7832"},"modified":"2024-02-12T14:39:15","modified_gmt":"2024-02-12T14:39:15","slug":"silla-job","status":"publish","type":"product","link":"https:\/\/insuquim.cl\/es\/producto\/silla-job","title":{"rendered":"SILLA JOB"},"content":{"rendered":"<p><span class=\"OYPEnA text-decoration-none text-strikethrough-none\">Silla ergon\u00f3mica con mecanismo de reclinaci\u00f3n simple y sistema de tensi\u00f3n regulable. Respaldo de malla con tensi\u00f3n lumbar. Apoyabrazos de PP ajustables en altura. Asiento de espuma inyectada tapizado, gas de 120 mm, base de nylon de 620mm y ruedas de PU negro de 50 mm.<\/span><\/p>","protected":false},"excerpt":{"rendered":"<p>Silla ergon\u00f3mica con mecanismo de reclinaci\u00f3n simple y sistema de tensi\u00f3n regulable. Respaldo de malla con tensi\u00f3n lumbar. Apoyabrazos de PP ajustables en altura. Asiento de espuma inyectada tapizado, gas de 120 mm, base de nylon de 620mm y ruedas de PU negro de 50 mm.<\/p>","protected":false},"featured_media":7835,"comment_status":"closed","ping_status":"closed","template":"","meta":{"_joinchat":[]},"product_cat":[439],"product_tag":[],"_links":{"self":[{"href":"https:\/\/insuquim.cl\/es\/wp-json\/wp\/v2\/product\/7832"}],"collection":[{"href":"https:\/\/insuquim.cl\/es\/wp-json\/wp\/v2\/product"}],"about":[{"href":"https:\/\/insuquim.cl\/es\/wp-json\/wp\/v2\/types\/product"}],"replies":[{"embeddable":true,"href":"https:\/\/insuquim.cl\/es\/wp-json\/wp\/v2\/comments?post=7832"}],"wp:featuredmedia":[{"embeddable":true,"href":"https:\/\/insuquim.cl\/es\/wp-json\/wp\/v2\/media\/7835"}],"wp:attachment":[{"href":"https:\/\/insuquim.cl\/es\/wp-json\/wp\/v2\/media?parent=7832"}],"wp:term":[{"taxonomy":"product_cat","embeddable":true,"href":"https:\/\/insuquim.cl\/es\/wp-json\/wp\/v2\/product_cat?post=7832"},{"taxonomy":"product_tag","embeddable":true,"href":"https:\/\/insuquim.cl\/es\/wp-json\/wp\/v2\/product_tag?post=7832"}],"curies":[{"name":"wp","href":"https:\/\/api.w.org\/{rel}","templated":true}]}}