{"id":7845,"date":"2024-02-12T17:26:00","date_gmt":"2024-02-12T17:26:00","guid":{"rendered":"https:\/\/insuquim.cl\/?post_type=product&#038;p=7845"},"modified":"2024-02-12T17:26:01","modified_gmt":"2024-02-12T17:26:01","slug":"silla-cubo","status":"publish","type":"product","link":"https:\/\/insuquim.cl\/es\/producto\/silla-cubo","title":{"rendered":"SILLA CUBO"},"content":{"rendered":"<p><span class=\"OYPEnA text-decoration-none text-strikethrough-none\">Silla ergon\u00f3mica con mecanismo de reclinaci\u00f3n simple y sistema de tensi\u00f3n regulable. Respaldo de malla con soporte lumbar fijo y apoyabrazos de PU ajustables en altura. Asiento de espuma tapizado, gas de 120 mm, base de acero cromado de 580 mm y ruedas de PU negras de 50 mm.<\/span><\/p>","protected":false},"excerpt":{"rendered":"<p>Silla ergon\u00f3mica con mecanismo de reclinaci\u00f3n simple y sistema de tensi\u00f3n regulable. Respaldo de malla con soporte lumbar fijo y apoyabrazos de PU ajustables en altura. Asiento de espuma tapizado, gas de 120 mm, base de acero cromado de 580 mm y ruedas de PU negras de 50 mm.<\/p>","protected":false},"featured_media":7846,"comment_status":"closed","ping_status":"closed","template":"","meta":{"_joinchat":[]},"product_cat":[439],"product_tag":[],"_links":{"self":[{"href":"https:\/\/insuquim.cl\/es\/wp-json\/wp\/v2\/product\/7845"}],"collection":[{"href":"https:\/\/insuquim.cl\/es\/wp-json\/wp\/v2\/product"}],"about":[{"href":"https:\/\/insuquim.cl\/es\/wp-json\/wp\/v2\/types\/product"}],"replies":[{"embeddable":true,"href":"https:\/\/insuquim.cl\/es\/wp-json\/wp\/v2\/comments?post=7845"}],"wp:featuredmedia":[{"embeddable":true,"href":"https:\/\/insuquim.cl\/es\/wp-json\/wp\/v2\/media\/7846"}],"wp:attachment":[{"href":"https:\/\/insuquim.cl\/es\/wp-json\/wp\/v2\/media?parent=7845"}],"wp:term":[{"taxonomy":"product_cat","embeddable":true,"href":"https:\/\/insuquim.cl\/es\/wp-json\/wp\/v2\/product_cat?post=7845"},{"taxonomy":"product_tag","embeddable":true,"href":"https:\/\/insuquim.cl\/es\/wp-json\/wp\/v2\/product_tag?post=7845"}],"curies":[{"name":"wp","href":"https:\/\/api.w.org\/{rel}","templated":true}]}}