{"id":7851,"date":"2024-02-12T17:29:49","date_gmt":"2024-02-12T17:29:49","guid":{"rendered":"https:\/\/insuquim.cl\/?post_type=product&#038;p=7851"},"modified":"2024-02-12T17:29:50","modified_gmt":"2024-02-12T17:29:50","slug":"silla-click","status":"publish","type":"product","link":"https:\/\/insuquim.cl\/es\/producto\/silla-click","title":{"rendered":"SILLA CLICK"},"content":{"rendered":"<p><span class=\"OYPEnA text-decoration-none text-strikethrough-none\">Silla ergon\u00f3mica con mecanismo de reclinaci\u00f3n simple y sistema de tensi\u00f3n regulable. Respaldo de malla con soporte lumbar fijo y apoyabrazos de PU ajustables en altura. Asiento de espuma tapizado, gas de 120 mm, base de acero cromado de 580 mm y ruedas de PU negras de 50 mm.<\/span><\/p>","protected":false},"excerpt":{"rendered":"<p>Silla ergon\u00f3mica con mecanismo de reclinaci\u00f3n simple y sistema de tensi\u00f3n regulable. Respaldo de malla con soporte lumbar fijo y apoyabrazos de PU ajustables en altura. Asiento de espuma tapizado, gas de 120 mm, base de acero cromado de 580 mm y ruedas de PU negras de 50 mm.<\/p>","protected":false},"featured_media":7855,"comment_status":"closed","ping_status":"closed","template":"","meta":{"_joinchat":[]},"product_cat":[439],"product_tag":[],"_links":{"self":[{"href":"https:\/\/insuquim.cl\/es\/wp-json\/wp\/v2\/product\/7851"}],"collection":[{"href":"https:\/\/insuquim.cl\/es\/wp-json\/wp\/v2\/product"}],"about":[{"href":"https:\/\/insuquim.cl\/es\/wp-json\/wp\/v2\/types\/product"}],"replies":[{"embeddable":true,"href":"https:\/\/insuquim.cl\/es\/wp-json\/wp\/v2\/comments?post=7851"}],"wp:featuredmedia":[{"embeddable":true,"href":"https:\/\/insuquim.cl\/es\/wp-json\/wp\/v2\/media\/7855"}],"wp:attachment":[{"href":"https:\/\/insuquim.cl\/es\/wp-json\/wp\/v2\/media?parent=7851"}],"wp:term":[{"taxonomy":"product_cat","embeddable":true,"href":"https:\/\/insuquim.cl\/es\/wp-json\/wp\/v2\/product_cat?post=7851"},{"taxonomy":"product_tag","embeddable":true,"href":"https:\/\/insuquim.cl\/es\/wp-json\/wp\/v2\/product_tag?post=7851"}],"curies":[{"name":"wp","href":"https:\/\/api.w.org\/{rel}","templated":true}]}}