{"id":7860,"date":"2024-02-12T23:09:27","date_gmt":"2024-02-12T23:09:27","guid":{"rendered":"https:\/\/insuquim.cl\/?post_type=product&#038;p=7860"},"modified":"2024-02-12T23:09:27","modified_gmt":"2024-02-12T23:09:27","slug":"silla-clip","status":"publish","type":"product","link":"https:\/\/insuquim.cl\/es\/producto\/silla-clip","title":{"rendered":"SILLA CLIP"},"content":{"rendered":"<p class=\"cvGsUA direction-ltr align-start para-style-body\"><span class=\"OYPEnA text-decoration-none text-strikethrough-none\">Silla ergon\u00f3mica con mecanismo de reclinaci\u00f3n simple <\/span><span class=\"OYPEnA text-decoration-none text-strikethrough-none\">y sistema de tensi\u00f3n regulable. Respaldo <\/span><span class=\"OYPEnA text-decoration-none text-strikethrough-none\">de malla con soporte lumbar simple y apoyabrazos de PP fijos. Asiento de <\/span><span class=\"OYPEnA text-decoration-none text-strikethrough-none\">espuma tapizado, gas de 120 mm, base de nylon de 640 mm y ruedas de PU negras de 50 mm.<\/span><\/p>","protected":false},"excerpt":{"rendered":"<p>Silla ergon\u00f3mica con mecanismo de reclinaci\u00f3n simple y sistema de tensi\u00f3n regulable. Respaldo de malla con soporte lumbar simple y apoyabrazos de PP fijos. Asiento de espuma tapizado, gas de 120 mm, base de nylon de 640 mm y ruedas de PU negras de 50 mm.<\/p>","protected":false},"featured_media":7864,"comment_status":"closed","ping_status":"closed","template":"","meta":{"_joinchat":[]},"product_cat":[439],"product_tag":[],"_links":{"self":[{"href":"https:\/\/insuquim.cl\/es\/wp-json\/wp\/v2\/product\/7860"}],"collection":[{"href":"https:\/\/insuquim.cl\/es\/wp-json\/wp\/v2\/product"}],"about":[{"href":"https:\/\/insuquim.cl\/es\/wp-json\/wp\/v2\/types\/product"}],"replies":[{"embeddable":true,"href":"https:\/\/insuquim.cl\/es\/wp-json\/wp\/v2\/comments?post=7860"}],"wp:featuredmedia":[{"embeddable":true,"href":"https:\/\/insuquim.cl\/es\/wp-json\/wp\/v2\/media\/7864"}],"wp:attachment":[{"href":"https:\/\/insuquim.cl\/es\/wp-json\/wp\/v2\/media?parent=7860"}],"wp:term":[{"taxonomy":"product_cat","embeddable":true,"href":"https:\/\/insuquim.cl\/es\/wp-json\/wp\/v2\/product_cat?post=7860"},{"taxonomy":"product_tag","embeddable":true,"href":"https:\/\/insuquim.cl\/es\/wp-json\/wp\/v2\/product_tag?post=7860"}],"curies":[{"name":"wp","href":"https:\/\/api.w.org\/{rel}","templated":true}]}}