{"id":7865,"date":"2024-02-12T23:12:39","date_gmt":"2024-02-12T23:12:39","guid":{"rendered":"https:\/\/insuquim.cl\/?post_type=product&#038;p=7865"},"modified":"2024-02-12T23:12:39","modified_gmt":"2024-02-12T23:12:39","slug":"silla-sinfonia","status":"publish","type":"product","link":"https:\/\/insuquim.cl\/es\/producto\/silla-sinfonia","title":{"rendered":"SILLA SINFONIA"},"content":{"rendered":"<p><span class=\"OYPEnA text-decoration-none text-strikethrough-none\">Silla ergon\u00f3mica con mecanismo de reclinaci\u00f3n simple y sistema de tensi\u00f3n regulable. Respaldo de malla con soporte lumbar fijo y apoyabrazos de PP fijos. Asiento de espuma tapizado, gas de 120 mm, base de acero cromado de 620 mm y ruedas de nylon de 50 mm.<\/span><\/p>","protected":false},"excerpt":{"rendered":"<p>Silla ergon\u00f3mica con mecanismo de reclinaci\u00f3n simple y sistema de tensi\u00f3n regulable. Respaldo de malla con soporte lumbar fijo y apoyabrazos de PP fijos. Asiento de espuma tapizado, gas de 120 mm, base de acero cromado de 620 mm y ruedas de nylon de 50 mm.<\/p>","protected":false},"featured_media":7869,"comment_status":"closed","ping_status":"closed","template":"","meta":{"_joinchat":[]},"product_cat":[439],"product_tag":[],"_links":{"self":[{"href":"https:\/\/insuquim.cl\/es\/wp-json\/wp\/v2\/product\/7865"}],"collection":[{"href":"https:\/\/insuquim.cl\/es\/wp-json\/wp\/v2\/product"}],"about":[{"href":"https:\/\/insuquim.cl\/es\/wp-json\/wp\/v2\/types\/product"}],"replies":[{"embeddable":true,"href":"https:\/\/insuquim.cl\/es\/wp-json\/wp\/v2\/comments?post=7865"}],"wp:featuredmedia":[{"embeddable":true,"href":"https:\/\/insuquim.cl\/es\/wp-json\/wp\/v2\/media\/7869"}],"wp:attachment":[{"href":"https:\/\/insuquim.cl\/es\/wp-json\/wp\/v2\/media?parent=7865"}],"wp:term":[{"taxonomy":"product_cat","embeddable":true,"href":"https:\/\/insuquim.cl\/es\/wp-json\/wp\/v2\/product_cat?post=7865"},{"taxonomy":"product_tag","embeddable":true,"href":"https:\/\/insuquim.cl\/es\/wp-json\/wp\/v2\/product_tag?post=7865"}],"curies":[{"name":"wp","href":"https:\/\/api.w.org\/{rel}","templated":true}]}}