{"id":7893,"date":"2024-02-13T00:15:36","date_gmt":"2024-02-13T00:15:36","guid":{"rendered":"https:\/\/insuquim.cl\/?post_type=product&#038;p=7893"},"modified":"2024-02-13T00:15:36","modified_gmt":"2024-02-13T00:15:36","slug":"silla-cubo-cajero","status":"publish","type":"product","link":"https:\/\/insuquim.cl\/es\/producto\/silla-cubo-cajero","title":{"rendered":"SILLA CUBO CAJERO"},"content":{"rendered":"<p><span class=\"OYPEnA text-decoration-none text-strikethrough-none\">Silla ergon\u00f3mica con mecanismo de reclinaci\u00f3n simple y sistema de tensi\u00f3n regulable. Respaldo de malla con soporte lumbar fijo y apoyabrazos de PU regulables en altura. Asiento de espuma tapizado, gas de 200 mm y base de acero cromado de 580mm. Ruedas de PU gris de 50 mm y aro apoya pies cromado de 450 mm.<\/span><\/p>","protected":false},"excerpt":{"rendered":"<p>Silla ergon\u00f3mica con mecanismo de reclinaci\u00f3n simple y sistema de tensi\u00f3n regulable. Respaldo de malla con soporte lumbar fijo y apoyabrazos de PU regulables en altura. Asiento de espuma tapizado, gas de 200 mm y base de acero cromado de 580mm. Ruedas de PU gris de 50 mm y aro apoya pies cromado de 450 [&hellip;]<\/p>","protected":false},"featured_media":7897,"comment_status":"closed","ping_status":"closed","template":"","meta":{"_joinchat":[]},"product_cat":[439],"product_tag":[],"_links":{"self":[{"href":"https:\/\/insuquim.cl\/es\/wp-json\/wp\/v2\/product\/7893"}],"collection":[{"href":"https:\/\/insuquim.cl\/es\/wp-json\/wp\/v2\/product"}],"about":[{"href":"https:\/\/insuquim.cl\/es\/wp-json\/wp\/v2\/types\/product"}],"replies":[{"embeddable":true,"href":"https:\/\/insuquim.cl\/es\/wp-json\/wp\/v2\/comments?post=7893"}],"wp:featuredmedia":[{"embeddable":true,"href":"https:\/\/insuquim.cl\/es\/wp-json\/wp\/v2\/media\/7897"}],"wp:attachment":[{"href":"https:\/\/insuquim.cl\/es\/wp-json\/wp\/v2\/media?parent=7893"}],"wp:term":[{"taxonomy":"product_cat","embeddable":true,"href":"https:\/\/insuquim.cl\/es\/wp-json\/wp\/v2\/product_cat?post=7893"},{"taxonomy":"product_tag","embeddable":true,"href":"https:\/\/insuquim.cl\/es\/wp-json\/wp\/v2\/product_tag?post=7893"}],"curies":[{"name":"wp","href":"https:\/\/api.w.org\/{rel}","templated":true}]}}