{"id":7962,"date":"2024-02-14T15:29:20","date_gmt":"2024-02-14T15:29:20","guid":{"rendered":"https:\/\/insuquim.cl\/?post_type=product&#038;p=7962"},"modified":"2024-02-14T15:29:20","modified_gmt":"2024-02-14T15:29:20","slug":"silla-loto","status":"publish","type":"product","link":"https:\/\/insuquim.cl\/es\/producto\/silla-loto","title":{"rendered":"SILLA LOTO"},"content":{"rendered":"<p class=\"cvGsUA direction-ltr align-start para-style-body\" style=\"color: #000000; font-family: 'YAD7QhG2T6o 0', _fb_, auto; --font-size: 17.28000005086263px; --line-height: 1.213; letter-spacing: -0.003em; line-height: 20px;\"><span class=\"OYPEnA text-decoration-none text-strikethrough-none\">Sill\u00f3n ergon\u00f3mico de lounge con mecanismo fijo de aluminio y estructura tipo sccoca espumada y tapziada con tela pa\u00f1o gris. Gas sin regulaci\u00f3n de altura con auto retorno y<\/span> <span class=\"OYPEnA text-decoration-none text-strikethrough-none\">base de cuatro puntas en aluminio de 700 mm.<\/span><\/p>","protected":false},"excerpt":{"rendered":"<p>Sill\u00f3n ergon\u00f3mico de lounge con mecanismo fijo de aluminio y estructura tipo sccoca espumada y tapziada con tela pa\u00f1o gris. Gas sin regulaci\u00f3n de altura con auto retorno y base de cuatro puntas en aluminio de 700 mm.<\/p>","protected":false},"featured_media":7966,"comment_status":"closed","ping_status":"closed","template":"","meta":{"_joinchat":[]},"product_cat":[439],"product_tag":[],"_links":{"self":[{"href":"https:\/\/insuquim.cl\/es\/wp-json\/wp\/v2\/product\/7962"}],"collection":[{"href":"https:\/\/insuquim.cl\/es\/wp-json\/wp\/v2\/product"}],"about":[{"href":"https:\/\/insuquim.cl\/es\/wp-json\/wp\/v2\/types\/product"}],"replies":[{"embeddable":true,"href":"https:\/\/insuquim.cl\/es\/wp-json\/wp\/v2\/comments?post=7962"}],"wp:featuredmedia":[{"embeddable":true,"href":"https:\/\/insuquim.cl\/es\/wp-json\/wp\/v2\/media\/7966"}],"wp:attachment":[{"href":"https:\/\/insuquim.cl\/es\/wp-json\/wp\/v2\/media?parent=7962"}],"wp:term":[{"taxonomy":"product_cat","embeddable":true,"href":"https:\/\/insuquim.cl\/es\/wp-json\/wp\/v2\/product_cat?post=7962"},{"taxonomy":"product_tag","embeddable":true,"href":"https:\/\/insuquim.cl\/es\/wp-json\/wp\/v2\/product_tag?post=7962"}],"curies":[{"name":"wp","href":"https:\/\/api.w.org\/{rel}","templated":true}]}}